{"id":62,"date":"2020-02-20T11:31:47","date_gmt":"2020-02-20T10:31:47","guid":{"rendered":"https:\/\/p-zysd3j.project.space\/it\/?page_id=62"},"modified":"2020-02-20T13:00:00","modified_gmt":"2020-02-20T12:00:00","slug":"informazioni-legali","status":"publish","type":"page","link":"https:\/\/4000.remstim.com\/it\/informazioni-legali\/","title":{"rendered":"Informazioni Legali"},"content":{"rendered":"<div class=\"fusion-fullwidth fullwidth-box fusion-builder-row-1 nonhundred-percent-fullwidth non-hundred-percent-height-scrolling\" style=\"--awb-border-radius-top-left:0px;--awb-border-radius-top-right:0px;--awb-border-radius-bottom-right:0px;--awb-border-radius-bottom-left:0px;--awb-flex-wrap:wrap;\" ><div class=\"fusion-builder-row fusion-row\"><div class=\"fusion-layout-column fusion_builder_column fusion-builder-column-0 fusion_builder_column_1_1 1_1 fusion-one-full fusion-column-first fusion-column-last\" style=\"--awb-padding-left:10%;--awb-bg-size:cover;--awb-margin-bottom:0px;\"><div class=\"fusion-column-wrapper fusion-flex-column-wrapper-legacy\"><div class=\"fusion-text fusion-text-1\"><h1>Informazioni Legali<\/h1>\n<p><span style=\"font-size: 14pt;\">Thomas Buhl<\/span><br \/>\n<span style=\"font-size: 14pt;\"> Heilpraktiker f\u00fcr Psychotherapie<\/span><br \/>\n<span style=\"font-size: 14pt;\"> Am Dachsbau 59<\/span><br \/>\n<span style=\"font-size: 14pt;\"> 13503 Berlin<\/span><br \/>\n<span style=\"font-size: 14pt;\"> Germania<\/span><br \/>\n<span style=\"font-size: 14pt;\"> Tel.: 0049 (0)30 398214 19<\/span><br \/>\n<span style=\"font-size: 14pt;\"> E-Mail: info@remstim.com<\/span><\/p>\n<p><span style=\"font-size: 14pt;\">Identificazione dell&#8217;imposta sul valore aggiunto: DE321491344<br \/>\n<\/span><\/p>\n<p><span style=\"font-size: 14pt;\">Responsabile del contenuto secondo il \u00a7 55 II RStV: Thomas Buhl (Indirizzo vedi sopra)<\/span><\/p>\n<ul>\n<li><span style=\"font-size: 14pt;\">Titolo professionale legale: Heilpraktiker f\u00fcr Psychotherapie (rilasciato nella Repubblica Federale di Tedesco).<\/span><\/li>\n<li><span style=\"font-size: 14pt;\">Autorit\u00e0 di vigilanza competente: Ufficio distrettuale Tempelhof-Sch\u00f6neberg di Berlino &#8211; Ufficio sanitario, Rathausstra\u00dfe 27, 12105 Berlin, Germania (<a href=\"https:\/\/www.berlin.de\/ba-tempelhof-schoeneberg\/politik-und-verwaltung\/aemter\/gesundheitsamt\/heilpraktikerbereich\/\" target=\"_blank\" rel=\"noopener noreferrer\">Link<\/a>)<\/span><\/li>\n<li><span style=\"font-size: 14pt;\">Regolamenti professionali: Legge sull&#8217;esercizio professionale della medicina senza appuntamento medico (Heilpraktikergesetz) e ordinanza esecutiva: pu\u00f2 essere letta su Internet all&#8217;indirizzo <a href=\"http:\/\/www.gesetze-im-internet.de\/heilprg\/index.html\" target=\"_blank\" rel=\"noopener noreferrer\">http:\/\/www.gesetze-im-internet.de\/heilprg\/index.html<\/a> e <a href=\"http:\/\/www.gesetze-im-internet.de\/heilprgdv_1\/index.html\" target=\"_blank\" rel=\"noopener noreferrer\">http:\/\/www.gesetze-im-internet.de\/heilprgdv_1\/index.html<\/a><\/span><\/li>\n<li><span style=\"font-size: 14pt;\">Codice deontologico professionale: \u00e8 disponibile su Internet all&#8217;indirizzo <a href=\"http:\/\/www.heilpraktiker.org\/die-berufsordnung-fuer-heilpraktiker\" target=\"_blank\" rel=\"noopener noreferrer\">http:\/\/www.heilpraktiker.org\/die-berufsordnung-fuer-heilpraktiker<\/a><\/span><\/li>\n<\/ul>\n<p><span style=\"font-size: 14pt;\">Nota: I servizi medici non sono offerti sul sito web 4000.remstim.com. Si prega di leggere le informazioni importanti.<\/span><\/p>\n<p><span style=\"font-size: 14pt;\">Dichiarazione di protezione dei dati (<a href=\"https:\/\/4000.remstim.com\/it\/dichiarazione-di-protezione-dei-dati\/\" target=\"\" rel=\"noopener noreferrer\">pi\u00f9<\/a>)<\/span><\/p>\n<p><span style=\"font-size: 14pt;\"><strong>Risoluzione alternativa delle controversie ai sensi dell&#8217;art. 14 cpv. 1 ODR-VO e del \u00a7 36 VSBG:<\/strong><\/span><\/p>\n<p><span style=\"font-size: 14pt;\">La Commissione europea fornisce una piattaforma per la risoluzione delle controversie online (OS) che si trova all&#8217;indirizzo <a href=\"http:\/\/ec.europa.eu\/consumers\/odr\/\" target=\"_blank\" rel=\"noopener noreferrer\">http:\/\/ec.europa.eu\/consumers\/odr\/<\/a>. Non siamo obbligati e generalmente non siamo disposti a partecipare a procedimenti di risoluzione delle controversie dinanzi a un collegio arbitrale di consumatori.<\/span><\/p>\n<p><span style=\"font-size: 14pt;\"><strong>Diritti di propriet\u00e0 e registrazioni<\/strong><\/span><\/p>\n<ul>\n<li><span style=\"font-size: 14pt;\">remstim\u00ae \u00e8 un marchio legalmente protetto e registrato<br \/>\n<\/span><\/li>\n<li><span style=\"font-size: 14pt;\">WEEE-Reg.-Nr. DE 83662464<\/span><\/li>\n<li><span style=\"font-size: 14pt;\">Per quanto riguarda le confezioni di vendita da noi riempite per la prima volta con la merce e consegnate ai consumatori finali privati, la nostra azienda ha aderito al sistema di ritiro nazionale di Usepac UG, Brema, [numero di contratto\/licenza: UP-12400] per garantire l&#8217;adempimento dei nostri obblighi di legge ai sensi del \u00a7 6 VerpackV.<\/span><\/li>\n<\/ul>\n<\/div><div class=\"fusion-clearfix\"><\/div><\/div><\/div><\/div><\/div>\n","protected":false},"excerpt":{"rendered":"","protected":false},"author":1,"featured_media":0,"parent":0,"menu_order":0,"comment_status":"closed","ping_status":"closed","template":"","meta":{"footnotes":""},"yoast_head":"<!-- This site is optimized with the Yoast SEO plugin v22.1 - https:\/\/yoast.com\/wordpress\/plugins\/seo\/ -->\n<title>Informazioni Legali - REMSTIM 4000 - Il apparecchio professionale EMDR<\/title>\n<meta name=\"robots\" content=\"noindex, follow, max-snippet:-1, max-image-preview:large, max-video-preview:-1\" \/>\n<meta property=\"og:locale\" content=\"it_IT\" \/>\n<meta property=\"og:type\" content=\"article\" \/>\n<meta property=\"og:title\" content=\"Informazioni Legali - REMSTIM 4000 - Il apparecchio professionale EMDR\" \/>\n<meta property=\"og:url\" content=\"https:\/\/4000.remstim.com\/it\/informazioni-legali\/\" \/>\n<meta property=\"og:site_name\" content=\"REMSTIM 4000 - Il apparecchio professionale EMDR\" \/>\n<meta property=\"article:modified_time\" content=\"2020-02-20T12:00:00+00:00\" \/>\n<meta name=\"twitter:card\" content=\"summary_large_image\" \/>\n<meta name=\"twitter:label1\" content=\"Tempo di lettura stimato\" \/>\n\t<meta name=\"twitter:data1\" content=\"2 minuti\" \/>\n<script type=\"application\/ld+json\" class=\"yoast-schema-graph\">{\"@context\":\"https:\/\/schema.org\",\"@graph\":[{\"@type\":\"WebPage\",\"@id\":\"https:\/\/4000.remstim.com\/it\/informazioni-legali\/\",\"url\":\"https:\/\/4000.remstim.com\/it\/informazioni-legali\/\",\"name\":\"Informazioni Legali - REMSTIM 4000 - Il apparecchio professionale EMDR\",\"isPartOf\":{\"@id\":\"https:\/\/4000.remstim.com\/it\/#website\"},\"datePublished\":\"2020-02-20T10:31:47+00:00\",\"dateModified\":\"2020-02-20T12:00:00+00:00\",\"breadcrumb\":{\"@id\":\"https:\/\/4000.remstim.com\/it\/informazioni-legali\/#breadcrumb\"},\"inLanguage\":\"it-IT\",\"potentialAction\":[{\"@type\":\"ReadAction\",\"target\":[\"https:\/\/4000.remstim.com\/it\/informazioni-legali\/\"]}]},{\"@type\":\"BreadcrumbList\",\"@id\":\"https:\/\/4000.remstim.com\/it\/informazioni-legali\/#breadcrumb\",\"itemListElement\":[{\"@type\":\"ListItem\",\"position\":1,\"name\":\"Startseite\",\"item\":\"https:\/\/4000.remstim.com\/it\/\"},{\"@type\":\"ListItem\",\"position\":2,\"name\":\"Informazioni Legali\"}]},{\"@type\":\"WebSite\",\"@id\":\"https:\/\/4000.remstim.com\/it\/#website\",\"url\":\"https:\/\/4000.remstim.com\/it\/\",\"name\":\"REMSTIM 4000 - Il apparecchio professionale EMDR\",\"description\":\"Si adatta perfettamente alla sessione di terapia EMDR\",\"potentialAction\":[{\"@type\":\"SearchAction\",\"target\":{\"@type\":\"EntryPoint\",\"urlTemplate\":\"https:\/\/4000.remstim.com\/it\/?s={search_term_string}\"},\"query-input\":\"required name=search_term_string\"}],\"inLanguage\":\"it-IT\"}]}<\/script>\n<!-- \/ Yoast SEO plugin. -->","yoast_head_json":{"title":"Informazioni Legali - REMSTIM 4000 - Il apparecchio professionale EMDR","robots":{"index":"noindex","follow":"follow","max-snippet":"max-snippet:-1","max-image-preview":"max-image-preview:large","max-video-preview":"max-video-preview:-1"},"og_locale":"it_IT","og_type":"article","og_title":"Informazioni Legali - REMSTIM 4000 - Il apparecchio professionale EMDR","og_url":"https:\/\/4000.remstim.com\/it\/informazioni-legali\/","og_site_name":"REMSTIM 4000 - Il apparecchio professionale EMDR","article_modified_time":"2020-02-20T12:00:00+00:00","twitter_card":"summary_large_image","twitter_misc":{"Tempo di lettura stimato":"2 minuti"},"schema":{"@context":"https:\/\/schema.org","@graph":[{"@type":"WebPage","@id":"https:\/\/4000.remstim.com\/it\/informazioni-legali\/","url":"https:\/\/4000.remstim.com\/it\/informazioni-legali\/","name":"Informazioni Legali - REMSTIM 4000 - Il apparecchio professionale EMDR","isPartOf":{"@id":"https:\/\/4000.remstim.com\/it\/#website"},"datePublished":"2020-02-20T10:31:47+00:00","dateModified":"2020-02-20T12:00:00+00:00","breadcrumb":{"@id":"https:\/\/4000.remstim.com\/it\/informazioni-legali\/#breadcrumb"},"inLanguage":"it-IT","potentialAction":[{"@type":"ReadAction","target":["https:\/\/4000.remstim.com\/it\/informazioni-legali\/"]}]},{"@type":"BreadcrumbList","@id":"https:\/\/4000.remstim.com\/it\/informazioni-legali\/#breadcrumb","itemListElement":[{"@type":"ListItem","position":1,"name":"Startseite","item":"https:\/\/4000.remstim.com\/it\/"},{"@type":"ListItem","position":2,"name":"Informazioni Legali"}]},{"@type":"WebSite","@id":"https:\/\/4000.remstim.com\/it\/#website","url":"https:\/\/4000.remstim.com\/it\/","name":"REMSTIM 4000 - Il apparecchio professionale EMDR","description":"Si adatta perfettamente alla sessione di terapia EMDR","potentialAction":[{"@type":"SearchAction","target":{"@type":"EntryPoint","urlTemplate":"https:\/\/4000.remstim.com\/it\/?s={search_term_string}"},"query-input":"required name=search_term_string"}],"inLanguage":"it-IT"}]}},"_links":{"self":[{"href":"https:\/\/4000.remstim.com\/it\/wp-json\/wp\/v2\/pages\/62"}],"collection":[{"href":"https:\/\/4000.remstim.com\/it\/wp-json\/wp\/v2\/pages"}],"about":[{"href":"https:\/\/4000.remstim.com\/it\/wp-json\/wp\/v2\/types\/page"}],"author":[{"embeddable":true,"href":"https:\/\/4000.remstim.com\/it\/wp-json\/wp\/v2\/users\/1"}],"replies":[{"embeddable":true,"href":"https:\/\/4000.remstim.com\/it\/wp-json\/wp\/v2\/comments?post=62"}],"version-history":[{"count":6,"href":"https:\/\/4000.remstim.com\/it\/wp-json\/wp\/v2\/pages\/62\/revisions"}],"predecessor-version":[{"id":78,"href":"https:\/\/4000.remstim.com\/it\/wp-json\/wp\/v2\/pages\/62\/revisions\/78"}],"wp:attachment":[{"href":"https:\/\/4000.remstim.com\/it\/wp-json\/wp\/v2\/media?parent=62"}],"curies":[{"name":"wp","href":"https:\/\/api.w.org\/{rel}","templated":true}]}}