{"id":39,"date":"2020-02-20T10:19:18","date_gmt":"2020-02-20T09:19:18","guid":{"rendered":"https:\/\/p-zysd3j.project.space\/it\/?page_id=39"},"modified":"2020-02-20T10:28:14","modified_gmt":"2020-02-20T09:28:14","slug":"avis-en-vertu-de-la-loi-allemande-sur-les-piles-battg","status":"publish","type":"page","link":"https:\/\/4000.remstim.com\/it\/avis-en-vertu-de-la-loi-allemande-sur-les-piles-battg\/","title":{"rendered":"Nota secondo la legge sulle batterie (BattG)"},"content":{"rendered":"<div class=\"fusion-fullwidth fullwidth-box fusion-builder-row-1 nonhundred-percent-fullwidth non-hundred-percent-height-scrolling\" style=\"--awb-border-radius-top-left:0px;--awb-border-radius-top-right:0px;--awb-border-radius-bottom-right:0px;--awb-border-radius-bottom-left:0px;--awb-flex-wrap:wrap;\" ><div class=\"fusion-builder-row fusion-row\"><div class=\"fusion-layout-column fusion_builder_column fusion-builder-column-0 fusion_builder_column_1_1 1_1 fusion-one-full fusion-column-first fusion-column-last\" style=\"--awb-padding-left:10%;--awb-bg-size:cover;--awb-margin-bottom:0px;\"><div class=\"fusion-column-wrapper fusion-flex-column-wrapper-legacy\"><div class=\"fusion-text fusion-text-1\"><h1>Avis en vertu de la loi allemande sur les piles (BattG)<\/h1>\n<p style=\"text-align: justify;\"><img decoding=\"async\" class=\"size-full wp-image-152 alignleft\" src=\"https:\/\/4000.remstim.com\/wp-content\/uploads\/2017\/06\/batteriegesetz-muelltonne.jpg\" alt=\"\" width=\"170\" height=\"175\"><\/p>\n<p><span style=\"font-size: 14pt;\">Il <a href=\"https:\/\/4000.remstim.com\/it\/\">REMSTIM 4000<\/a> \u00e8 alimentato da una batteria, inclusa nella fornitura. Pertanto siamo obbligati ad informarvi di quanto segue secondo la legge sulle batterie (BattG):<\/span><\/p>\n<p><span style=\"font-size: 14pt;\"><strong>Le batterie e le batterie ricaricabili non devono essere smaltite nei rifiuti domestici, ma siete legalmente obbligati a restituire le batterie usate e le batterie ricaricabili!<\/strong><\/span><\/p>\n<p><span style=\"font-size: 14pt;\">Le batterie usate possono contenere sostanze nocive che possono danneggiare l&#8217;ambiente o la salute se non vengono conservate o smaltite correttamente. Ma le batterie contengono anche importanti materie prime come ferro, zinco, manganese o nichel e sono riciclate.<\/span><\/p>\n<p><span style=\"font-size: 14pt;\">Dopo l&#8217;uso, \u00e8 possibile<\/span><\/p>\n<ul>\n<li><span style=\"font-size: 14pt;\">torna da noi (Thomas P.H. Buhl Coaching Instruments, Am Dachsbau 59, 13503 Berlino)<\/span><\/li>\n<li><span style=\"font-size: 14pt;\">o restituiti gratuitamente nelle immediate vicinanze (ad es. nel commercio o nei punti di raccolta comunali).<\/span><\/li>\n<\/ul>\n<p><span style=\"font-size: 14pt;\">Lo smaltimento nei punti vendita \u00e8 limitato alle quantit\u00e0 che sono abituali per gli utenti finali per lo smaltimento, cos\u00ec come le batterie esaurite che il distributore porta o ha portato come batterie nuove nella sua gamma.<\/span><\/p>\n<p><span style=\"font-size: 14pt;\">Il bidone con le ruote barrato da una croce significa che non \u00e8 possibile smaltire le batterie e gli accumulatori nei rifiuti domestici.<\/span><\/p>\n<p><span style=\"font-size: 14pt;\"><strong>I cartelli sotto la pattumiera sulle batterie e sugli accumulatori stanno a significare:<\/strong><\/span><\/p>\n<ul>\n<li><span style=\"font-size: 14pt;\">Pb : La batteria contiene piombo<\/span><\/li>\n<li><span style=\"font-size: 14pt;\">Cd : La batteria contiene cadmio<\/span><\/li>\n<li><span style=\"font-size: 14pt;\">Hg : La batteria contiene mercurio<\/span><\/li>\n<\/ul>\n<p><span style=\"font-size: 14pt;\">Questa nota si trova anche nei documenti di accompagnamento (istruzioni per l&#8217;uso) del <a href=\"https:\/\/4000.remstim.com\/it\/\">REMSTIM 4000<\/a>.<\/span><\/p>\n<\/div><div class=\"fusion-clearfix\"><\/div><\/div><\/div><\/div><\/div>\n","protected":false},"excerpt":{"rendered":"","protected":false},"author":1,"featured_media":0,"parent":0,"menu_order":0,"comment_status":"closed","ping_status":"closed","template":"","meta":{"footnotes":""},"yoast_head":"<!-- This site is optimized with the Yoast SEO plugin v22.1 - https:\/\/yoast.com\/wordpress\/plugins\/seo\/ -->\n<title>Nota secondo la legge sulle batterie (BattG) - REMSTIM 4000 - Il apparecchio professionale EMDR<\/title>\n<meta name=\"robots\" content=\"noindex, follow, max-snippet:-1, max-image-preview:large, max-video-preview:-1\" \/>\n<meta property=\"og:locale\" content=\"it_IT\" \/>\n<meta property=\"og:type\" content=\"article\" \/>\n<meta property=\"og:title\" content=\"Nota secondo la legge sulle batterie (BattG) - REMSTIM 4000 - Il apparecchio professionale EMDR\" \/>\n<meta property=\"og:url\" content=\"https:\/\/4000.remstim.com\/it\/avis-en-vertu-de-la-loi-allemande-sur-les-piles-battg\/\" \/>\n<meta property=\"og:site_name\" content=\"REMSTIM 4000 - Il apparecchio professionale EMDR\" \/>\n<meta property=\"article:modified_time\" content=\"2020-02-20T09:28:14+00:00\" \/>\n<meta property=\"og:image\" content=\"https:\/\/4000.remstim.com\/wp-content\/uploads\/2017\/06\/batteriegesetz-muelltonne.jpg\" \/>\n<meta name=\"twitter:card\" content=\"summary_large_image\" \/>\n<meta name=\"twitter:label1\" content=\"Tempo di lettura stimato\" \/>\n\t<meta name=\"twitter:data1\" content=\"2 minuti\" \/>\n<script type=\"application\/ld+json\" class=\"yoast-schema-graph\">{\"@context\":\"https:\/\/schema.org\",\"@graph\":[{\"@type\":\"WebPage\",\"@id\":\"https:\/\/4000.remstim.com\/it\/avis-en-vertu-de-la-loi-allemande-sur-les-piles-battg\/\",\"url\":\"https:\/\/4000.remstim.com\/it\/avis-en-vertu-de-la-loi-allemande-sur-les-piles-battg\/\",\"name\":\"Nota secondo la legge sulle batterie (BattG) - REMSTIM 4000 - Il apparecchio professionale EMDR\",\"isPartOf\":{\"@id\":\"https:\/\/4000.remstim.com\/it\/#website\"},\"datePublished\":\"2020-02-20T09:19:18+00:00\",\"dateModified\":\"2020-02-20T09:28:14+00:00\",\"breadcrumb\":{\"@id\":\"https:\/\/4000.remstim.com\/it\/avis-en-vertu-de-la-loi-allemande-sur-les-piles-battg\/#breadcrumb\"},\"inLanguage\":\"it-IT\",\"potentialAction\":[{\"@type\":\"ReadAction\",\"target\":[\"https:\/\/4000.remstim.com\/it\/avis-en-vertu-de-la-loi-allemande-sur-les-piles-battg\/\"]}]},{\"@type\":\"BreadcrumbList\",\"@id\":\"https:\/\/4000.remstim.com\/it\/avis-en-vertu-de-la-loi-allemande-sur-les-piles-battg\/#breadcrumb\",\"itemListElement\":[{\"@type\":\"ListItem\",\"position\":1,\"name\":\"Startseite\",\"item\":\"https:\/\/4000.remstim.com\/it\/\"},{\"@type\":\"ListItem\",\"position\":2,\"name\":\"Nota secondo la legge sulle batterie (BattG)\"}]},{\"@type\":\"WebSite\",\"@id\":\"https:\/\/4000.remstim.com\/it\/#website\",\"url\":\"https:\/\/4000.remstim.com\/it\/\",\"name\":\"REMSTIM 4000 - Il apparecchio professionale EMDR\",\"description\":\"Si adatta perfettamente alla sessione di terapia EMDR\",\"potentialAction\":[{\"@type\":\"SearchAction\",\"target\":{\"@type\":\"EntryPoint\",\"urlTemplate\":\"https:\/\/4000.remstim.com\/it\/?s={search_term_string}\"},\"query-input\":\"required name=search_term_string\"}],\"inLanguage\":\"it-IT\"}]}<\/script>\n<!-- \/ Yoast SEO plugin. -->","yoast_head_json":{"title":"Nota secondo la legge sulle batterie (BattG) - REMSTIM 4000 - Il apparecchio professionale EMDR","robots":{"index":"noindex","follow":"follow","max-snippet":"max-snippet:-1","max-image-preview":"max-image-preview:large","max-video-preview":"max-video-preview:-1"},"og_locale":"it_IT","og_type":"article","og_title":"Nota secondo la legge sulle batterie (BattG) - REMSTIM 4000 - Il apparecchio professionale EMDR","og_url":"https:\/\/4000.remstim.com\/it\/avis-en-vertu-de-la-loi-allemande-sur-les-piles-battg\/","og_site_name":"REMSTIM 4000 - Il apparecchio professionale EMDR","article_modified_time":"2020-02-20T09:28:14+00:00","og_image":[{"url":"https:\/\/4000.remstim.com\/wp-content\/uploads\/2017\/06\/batteriegesetz-muelltonne.jpg"}],"twitter_card":"summary_large_image","twitter_misc":{"Tempo di lettura stimato":"2 minuti"},"schema":{"@context":"https:\/\/schema.org","@graph":[{"@type":"WebPage","@id":"https:\/\/4000.remstim.com\/it\/avis-en-vertu-de-la-loi-allemande-sur-les-piles-battg\/","url":"https:\/\/4000.remstim.com\/it\/avis-en-vertu-de-la-loi-allemande-sur-les-piles-battg\/","name":"Nota secondo la legge sulle batterie (BattG) - REMSTIM 4000 - Il apparecchio professionale EMDR","isPartOf":{"@id":"https:\/\/4000.remstim.com\/it\/#website"},"datePublished":"2020-02-20T09:19:18+00:00","dateModified":"2020-02-20T09:28:14+00:00","breadcrumb":{"@id":"https:\/\/4000.remstim.com\/it\/avis-en-vertu-de-la-loi-allemande-sur-les-piles-battg\/#breadcrumb"},"inLanguage":"it-IT","potentialAction":[{"@type":"ReadAction","target":["https:\/\/4000.remstim.com\/it\/avis-en-vertu-de-la-loi-allemande-sur-les-piles-battg\/"]}]},{"@type":"BreadcrumbList","@id":"https:\/\/4000.remstim.com\/it\/avis-en-vertu-de-la-loi-allemande-sur-les-piles-battg\/#breadcrumb","itemListElement":[{"@type":"ListItem","position":1,"name":"Startseite","item":"https:\/\/4000.remstim.com\/it\/"},{"@type":"ListItem","position":2,"name":"Nota secondo la legge sulle batterie (BattG)"}]},{"@type":"WebSite","@id":"https:\/\/4000.remstim.com\/it\/#website","url":"https:\/\/4000.remstim.com\/it\/","name":"REMSTIM 4000 - Il apparecchio professionale EMDR","description":"Si adatta perfettamente alla sessione di terapia EMDR","potentialAction":[{"@type":"SearchAction","target":{"@type":"EntryPoint","urlTemplate":"https:\/\/4000.remstim.com\/it\/?s={search_term_string}"},"query-input":"required name=search_term_string"}],"inLanguage":"it-IT"}]}},"_links":{"self":[{"href":"https:\/\/4000.remstim.com\/it\/wp-json\/wp\/v2\/pages\/39"}],"collection":[{"href":"https:\/\/4000.remstim.com\/it\/wp-json\/wp\/v2\/pages"}],"about":[{"href":"https:\/\/4000.remstim.com\/it\/wp-json\/wp\/v2\/types\/page"}],"author":[{"embeddable":true,"href":"https:\/\/4000.remstim.com\/it\/wp-json\/wp\/v2\/users\/1"}],"replies":[{"embeddable":true,"href":"https:\/\/4000.remstim.com\/it\/wp-json\/wp\/v2\/comments?post=39"}],"version-history":[{"count":4,"href":"https:\/\/4000.remstim.com\/it\/wp-json\/wp\/v2\/pages\/39\/revisions"}],"predecessor-version":[{"id":43,"href":"https:\/\/4000.remstim.com\/it\/wp-json\/wp\/v2\/pages\/39\/revisions\/43"}],"wp:attachment":[{"href":"https:\/\/4000.remstim.com\/it\/wp-json\/wp\/v2\/media?parent=39"}],"curies":[{"name":"wp","href":"https:\/\/api.w.org\/{rel}","templated":true}]}}