{"id":8,"date":"2018-12-11T11:01:01","date_gmt":"2018-12-11T10:01:01","guid":{"rendered":"https:\/\/p-zysd3j.project.space\/fr\/?page_id=8"},"modified":"2020-03-06T10:45:08","modified_gmt":"2020-03-06T09:45:08","slug":"mentions-legales","status":"publish","type":"page","link":"https:\/\/4000.remstim.com\/fr\/mentions-legales\/","title":{"rendered":"Mentions l\u00e9gales"},"content":{"rendered":"<div class=\"fusion-fullwidth fullwidth-box fusion-builder-row-1 nonhundred-percent-fullwidth non-hundred-percent-height-scrolling\" style=\"--awb-border-radius-top-left:0px;--awb-border-radius-top-right:0px;--awb-border-radius-bottom-right:0px;--awb-border-radius-bottom-left:0px;--awb-flex-wrap:wrap;\" ><div class=\"fusion-builder-row fusion-row\"><div class=\"fusion-layout-column fusion_builder_column fusion-builder-column-0 fusion_builder_column_1_1 1_1 fusion-one-full fusion-column-first fusion-column-last\" style=\"--awb-padding-left:10%;--awb-bg-size:cover;--awb-margin-bottom:0px;\"><div class=\"fusion-column-wrapper fusion-flex-column-wrapper-legacy\"><div class=\"fusion-text fusion-text-1\"><h1 class=\"fusion-responsive-typography-calculated\" style=\"--fontsize: 30; line-height: 1.4;\" data-fontsize=\"30\" data-lineheight=\"42px\">Mentions l\u00e9gales<\/h1>\n<p><span style=\"font-size: 14pt;\">Thomas Buhl<\/span><br \/>\n<span style=\"font-size: 14pt;\">Heilpraktiker f\u00fcr Psychotherapie<\/span><br \/>\n<span style=\"font-size: 14pt;\"> Am Dachsbau 59<\/span><br \/>\n<span style=\"font-size: 14pt;\"> 13503 Berlin<\/span><br \/>\n<span style=\"font-size: 14pt;\">Allemagne<\/span><br \/>\n<span style=\"font-size: 14pt;\"> Tel.: 0049-(0)30-39821419<\/span><br \/>\n<span style=\"font-size: 14pt;\"> E-Mail: info@remstim.com<\/span><\/p>\n<p><span style=\"font-size: 14pt;\">TVA-ID: DE321491344<br \/>\n<\/span><\/p>\n<p><span style=\"font-size: 14pt;\">Responsable du contenu conform\u00e9ment au \u00a7 55 II RStV : Thomas Buhl (adresse voir ci-dessus)<\/span><\/p>\n<ul>\n<li><span style=\"font-size: 14pt;\"><span id=\"result_box\" class=\"\" lang=\"en\" tabindex=\"-1\"><span class=\"\">Titre professionnel l\u00e9gal : Heilpraktiker f\u00fcr Psychotherapie (d\u00e9livr\u00e9 en R\u00e9publique f\u00e9d\u00e9rale d&rsquo;Allemagne)<\/span><\/span><\/span><\/li>\n<li><span style=\"font-size: 14pt;\">Autorit\u00e9 de contr\u00f4le comp\u00e9tente : Bureau de district Tempelhof-Sch\u00f6neberg de Berlin &#8211; Bureau de la sant\u00e9, Rathausstra\u00dfe 27, 12105 Berlin, Allemagne (<a href=\"https:\/\/www.berlin.de\/ba-tempelhof-schoeneberg\/politik-und-verwaltung\/aemter\/gesundheitsamt\/heilpraktikerbereich\/\" target=\"_blank\" rel=\"noopener noreferrer\">Lien<\/a>)<\/span><\/li>\n<li><span style=\"font-size: 14pt;\">R\u00e9glementation professionnelle : Loi sur l&rsquo;exercice professionnel de la m\u00e9decine sans rendez-vous m\u00e9dical (Heilpraktikergesetz) et ordonnance d&rsquo;application : peuvent \u00eatre consult\u00e9es sur Internet \u00e0 l&rsquo;adresse<span id=\"result_box\" class=\"short_text\" lang=\"en\" tabindex=\"-1\"><\/span> <a href=\"http:\/\/www.gesetze-im-internet.de\/heilprg\/index.html\" target=\"_blank\" rel=\"noopener noreferrer\">http:\/\/www.gesetze-im-internet.de\/heilprg\/index.html<\/a> et <a href=\"http:\/\/www.gesetze-im-internet.de\/heilprgdv_1\/index.html\" target=\"_blank\" rel=\"noopener noreferrer\">http:\/\/www.gesetze-im-internet.de\/heilprgdv_1\/index.html<\/a><\/span><\/li>\n<li><span style=\"font-size: 14pt;\">Code de conduite professionnelle : peut se trouver sur Internet \u00e0 l&rsquo;adresse suivante :<span id=\"result_box\" class=\"short_text\" lang=\"en\" tabindex=\"-1\"><\/span> <a href=\"http:\/\/www.heilpraktiker.org\/die-berufsordnung-fuer-heilpraktiker\" target=\"_blank\" rel=\"noopener noreferrer\">http:\/\/www.heilpraktiker.org\/die-berufsordnung-fuer-heilpraktiker<\/a><\/span><\/li>\n<\/ul>\n<p><span style=\"font-size: 14pt;\"><span id=\"result_box\" class=\"\" lang=\"en\" tabindex=\"-1\">Note : Les services m\u00e9dicaux ne sont pas propos\u00e9s sur le site 4000.remstim.com. Veuillez lire les <a href=\"https:\/\/4000.remstim.com\/fr\/informations-importantes\/\">informations importantes<\/a>.<\/span><\/span><\/p>\n<p><span style=\"font-size: 14pt;\">Politique de confidentialit\u00e9 (<a href=\"https:\/\/4000.remstim.com\/fr\/politique-de-confidentialite\/\" rel=\"noopener noreferrer\">plus<\/a>)<\/span><\/p>\n<p><span style=\"font-size: 14pt;\"><strong>R\u00e8glement extrajudiciaire des litiges conform\u00e9ment \u00e0 l&rsquo;article 14, paragraphe 1, de l&rsquo;ODR-VO et \u00e0 l&rsquo;article 36 de la VSBG :<\/strong><\/span><\/p>\n<p><span style=\"font-size: 14pt;\"><span id=\"result_box\" class=\"\" lang=\"en\" tabindex=\"-1\">La Commission europ\u00e9enne met \u00e0 disposition une plateforme de r\u00e9solution des litiges en ligne (OS) qui peut \u00eatre consult\u00e9e sur <a href=\"http:\/\/ec.europa.eu\/consumers\/odr\/\" target=\"_blank\" rel=\"noopener noreferrer\">http:\/\/ec.europa.eu\/consumers\/odr\/<\/a>. Nous ne sommes pas oblig\u00e9s et g\u00e9n\u00e9ralement pas dispos\u00e9s \u00e0 participer \u00e0 une proc\u00e9dure de r\u00e8glement des litiges devant un conseil d&rsquo;arbitrage en mati\u00e8re de consommation.<\/span><\/span><\/p>\n<p><span style=\"font-size: 14pt;\"><strong><span id=\"result_box\" class=\"short_text\" lang=\"en\" tabindex=\"-1\">Droits de propri\u00e9t\u00e9 et enregistrements<\/span><\/strong><\/span><\/p>\n<ul>\n<li><span style=\"font-size: 14pt;\">remstim\u00ae est une marque l\u00e9galement prot\u00e9g\u00e9e et enregistr\u00e9e<br \/>\n<\/span><\/li>\n<li><span style=\"font-size: 14pt;\">WEEE-Reg.-Nr. DE 83662464<\/span><\/li>\n<li><span style=\"font-size: 14pt;\">En ce qui concerne les emballages de vente que nous remplissons pour la premi\u00e8re fois avec des marchandises et que nous livrons aux consommateurs finaux priv\u00e9s, notre entreprise a adh\u00e9r\u00e9 au syst\u00e8me de reprise national de Usepac UG, Br\u00eame, [num\u00e9ro de contrat\/licence : UP-12400] afin de garantir le respect de nos obligations l\u00e9gales conform\u00e9ment au \u00a7 6 VerpackV.<\/span><\/li>\n<\/ul>\n<\/div><div class=\"fusion-clearfix\"><\/div><\/div><\/div><\/div><\/div>\n","protected":false},"excerpt":{"rendered":"","protected":false},"author":1,"featured_media":0,"parent":0,"menu_order":3,"comment_status":"closed","ping_status":"closed","template":"","meta":{"footnotes":""},"yoast_head":"<!-- This site is optimized with the Yoast SEO plugin v22.1 - https:\/\/yoast.com\/wordpress\/plugins\/seo\/ -->\n<title>Mentions l\u00e9gales - REMSTIM 4000 - L&#039;appareil EMDR professionnel<\/title>\n<meta name=\"robots\" content=\"noindex, follow, max-snippet:-1, max-image-preview:large, max-video-preview:-1\" \/>\n<meta property=\"og:locale\" content=\"fr_FR\" \/>\n<meta property=\"og:type\" content=\"article\" \/>\n<meta property=\"og:title\" content=\"Mentions l\u00e9gales - REMSTIM 4000 - L&#039;appareil EMDR professionnel\" \/>\n<meta property=\"og:url\" content=\"https:\/\/4000.remstim.com\/fr\/mentions-legales\/\" \/>\n<meta property=\"og:site_name\" content=\"REMSTIM 4000 - L&#039;appareil EMDR professionnel\" \/>\n<meta property=\"article:modified_time\" content=\"2020-03-06T09:45:08+00:00\" \/>\n<meta name=\"twitter:card\" content=\"summary_large_image\" \/>\n<meta name=\"twitter:label1\" content=\"Dur\u00e9e de lecture estim\u00e9e\" \/>\n\t<meta name=\"twitter:data1\" content=\"3 minutes\" \/>\n<script type=\"application\/ld+json\" class=\"yoast-schema-graph\">{\"@context\":\"https:\/\/schema.org\",\"@graph\":[{\"@type\":\"WebPage\",\"@id\":\"https:\/\/4000.remstim.com\/fr\/mentions-legales\/\",\"url\":\"https:\/\/4000.remstim.com\/fr\/mentions-legales\/\",\"name\":\"Mentions l\u00e9gales - REMSTIM 4000 - L&#039;appareil EMDR professionnel\",\"isPartOf\":{\"@id\":\"https:\/\/4000.remstim.com\/fr\/#website\"},\"datePublished\":\"2018-12-11T10:01:01+00:00\",\"dateModified\":\"2020-03-06T09:45:08+00:00\",\"breadcrumb\":{\"@id\":\"https:\/\/4000.remstim.com\/fr\/mentions-legales\/#breadcrumb\"},\"inLanguage\":\"fr-FR\",\"potentialAction\":[{\"@type\":\"ReadAction\",\"target\":[\"https:\/\/4000.remstim.com\/fr\/mentions-legales\/\"]}]},{\"@type\":\"BreadcrumbList\",\"@id\":\"https:\/\/4000.remstim.com\/fr\/mentions-legales\/#breadcrumb\",\"itemListElement\":[{\"@type\":\"ListItem\",\"position\":1,\"name\":\"Startseite\",\"item\":\"https:\/\/4000.remstim.com\/fr\/\"},{\"@type\":\"ListItem\",\"position\":2,\"name\":\"Mentions l\u00e9gales\"}]},{\"@type\":\"WebSite\",\"@id\":\"https:\/\/4000.remstim.com\/fr\/#website\",\"url\":\"https:\/\/4000.remstim.com\/fr\/\",\"name\":\"REMSTIM 4000 - L&#039;appareil EMDR professionnel\",\"description\":\"s&#039;int\u00e8gre parfaitement \u00e0 la session\",\"potentialAction\":[{\"@type\":\"SearchAction\",\"target\":{\"@type\":\"EntryPoint\",\"urlTemplate\":\"https:\/\/4000.remstim.com\/fr\/?s={search_term_string}\"},\"query-input\":\"required name=search_term_string\"}],\"inLanguage\":\"fr-FR\"}]}<\/script>\n<!-- \/ Yoast SEO plugin. -->","yoast_head_json":{"title":"Mentions l\u00e9gales - REMSTIM 4000 - L&#039;appareil EMDR professionnel","robots":{"index":"noindex","follow":"follow","max-snippet":"max-snippet:-1","max-image-preview":"max-image-preview:large","max-video-preview":"max-video-preview:-1"},"og_locale":"fr_FR","og_type":"article","og_title":"Mentions l\u00e9gales - REMSTIM 4000 - L&#039;appareil EMDR professionnel","og_url":"https:\/\/4000.remstim.com\/fr\/mentions-legales\/","og_site_name":"REMSTIM 4000 - L&#039;appareil EMDR professionnel","article_modified_time":"2020-03-06T09:45:08+00:00","twitter_card":"summary_large_image","twitter_misc":{"Dur\u00e9e de lecture estim\u00e9e":"3 minutes"},"schema":{"@context":"https:\/\/schema.org","@graph":[{"@type":"WebPage","@id":"https:\/\/4000.remstim.com\/fr\/mentions-legales\/","url":"https:\/\/4000.remstim.com\/fr\/mentions-legales\/","name":"Mentions l\u00e9gales - REMSTIM 4000 - L&#039;appareil EMDR professionnel","isPartOf":{"@id":"https:\/\/4000.remstim.com\/fr\/#website"},"datePublished":"2018-12-11T10:01:01+00:00","dateModified":"2020-03-06T09:45:08+00:00","breadcrumb":{"@id":"https:\/\/4000.remstim.com\/fr\/mentions-legales\/#breadcrumb"},"inLanguage":"fr-FR","potentialAction":[{"@type":"ReadAction","target":["https:\/\/4000.remstim.com\/fr\/mentions-legales\/"]}]},{"@type":"BreadcrumbList","@id":"https:\/\/4000.remstim.com\/fr\/mentions-legales\/#breadcrumb","itemListElement":[{"@type":"ListItem","position":1,"name":"Startseite","item":"https:\/\/4000.remstim.com\/fr\/"},{"@type":"ListItem","position":2,"name":"Mentions l\u00e9gales"}]},{"@type":"WebSite","@id":"https:\/\/4000.remstim.com\/fr\/#website","url":"https:\/\/4000.remstim.com\/fr\/","name":"REMSTIM 4000 - L&#039;appareil EMDR professionnel","description":"s&#039;int\u00e8gre parfaitement \u00e0 la session","potentialAction":[{"@type":"SearchAction","target":{"@type":"EntryPoint","urlTemplate":"https:\/\/4000.remstim.com\/fr\/?s={search_term_string}"},"query-input":"required name=search_term_string"}],"inLanguage":"fr-FR"}]}},"_links":{"self":[{"href":"https:\/\/4000.remstim.com\/fr\/wp-json\/wp\/v2\/pages\/8"}],"collection":[{"href":"https:\/\/4000.remstim.com\/fr\/wp-json\/wp\/v2\/pages"}],"about":[{"href":"https:\/\/4000.remstim.com\/fr\/wp-json\/wp\/v2\/types\/page"}],"author":[{"embeddable":true,"href":"https:\/\/4000.remstim.com\/fr\/wp-json\/wp\/v2\/users\/1"}],"replies":[{"embeddable":true,"href":"https:\/\/4000.remstim.com\/fr\/wp-json\/wp\/v2\/comments?post=8"}],"version-history":[{"count":10,"href":"https:\/\/4000.remstim.com\/fr\/wp-json\/wp\/v2\/pages\/8\/revisions"}],"predecessor-version":[{"id":134,"href":"https:\/\/4000.remstim.com\/fr\/wp-json\/wp\/v2\/pages\/8\/revisions\/134"}],"wp:attachment":[{"href":"https:\/\/4000.remstim.com\/fr\/wp-json\/wp\/v2\/media?parent=8"}],"curies":[{"name":"wp","href":"https:\/\/api.w.org\/{rel}","templated":true}]}}