{"id":57,"date":"2018-12-12T10:07:55","date_gmt":"2018-12-12T09:07:55","guid":{"rendered":"https:\/\/p-zysd3j.project.space\/fr\/?page_id=57"},"modified":"2019-01-05T22:25:15","modified_gmt":"2019-01-05T21:25:15","slug":"avis-en-vertu-de-la-loi-allemande-sur-les-piles-battg","status":"publish","type":"page","link":"https:\/\/4000.remstim.com\/fr\/avis-en-vertu-de-la-loi-allemande-sur-les-piles-battg\/","title":{"rendered":"Avis en vertu de la loi allemande sur les piles (BattG)"},"content":{"rendered":"<div class=\"fusion-fullwidth fullwidth-box fusion-builder-row-1 nonhundred-percent-fullwidth non-hundred-percent-height-scrolling\" style=\"--awb-border-radius-top-left:0px;--awb-border-radius-top-right:0px;--awb-border-radius-bottom-right:0px;--awb-border-radius-bottom-left:0px;--awb-flex-wrap:wrap;\" ><div class=\"fusion-builder-row fusion-row\"><div class=\"fusion-layout-column fusion_builder_column fusion-builder-column-0 fusion_builder_column_1_1 1_1 fusion-one-full fusion-column-first fusion-column-last\" style=\"--awb-padding-left:10%;--awb-bg-size:cover;--awb-margin-bottom:0px;\"><div class=\"fusion-column-wrapper fusion-flex-column-wrapper-legacy\"><div class=\"fusion-text fusion-text-1\"><h1>Avis en vertu de la loi allemande sur les piles (BattG)<\/h1>\n<p style=\"text-align: justify;\"><img decoding=\"async\" class=\"size-full wp-image-152 alignleft\" src=\"https:\/\/4000.remstim.com\/wp-content\/uploads\/2017\/06\/batteriegesetz-muelltonne.jpg\" alt=\"\" width=\"170\" height=\"175\" \/><\/p>\n<p><span style=\"font-size: 14pt;\">Le <a href=\"https:\/\/4000.remstim.com\/fr\/\">REMSTIM 4000<\/a> est aliment\u00e9 par une batterie incluse dans la livraison. C&rsquo;est la raison pour laquelle nous sommes tenus, en vertu de la loi sur les piles (BattG), d&rsquo;attirer votre attention sur les points suivants:<\/span><\/p>\n<p><span style=\"font-size: 14pt;\"><strong>Les piles et accumulateurs ne doivent pas \u00eatre jet\u00e9s avec les ordures m\u00e9nag\u00e8res, mais vous \u00eates l\u00e9galement oblig\u00e9 de retourner les piles et accumulateurs usag\u00e9s!<\/strong><\/span><\/p>\n<p><span style=\"font-size: 14pt;\">Les piles usag\u00e9es peuvent contenir des substances nocives qui, si elles ne sont pas stock\u00e9es ou \u00e9limin\u00e9es correctement, peuvent nuire \u00e0 l&rsquo;environnement ou \u00e0 votre sant\u00e9. Cependant, les piles contiennent \u00e9galement des mati\u00e8res premi\u00e8res importantes telles que le fer, le zinc, le mangan\u00e8se ou le nickel et sont recycl\u00e9es.<\/span><\/p>\n<p><span style=\"font-size: 14pt;\">Vous pouvez utiliser les piles apr\u00e8s utilisation soit<\/span><\/p>\n<ul>\n<li><span style=\"font-size: 14pt;\">retour chez nous (Thomas P.H. Buhl Coaching Instruments, Am Dachsbau 59, 13503 Berlin)<\/span><\/li>\n<li><span style=\"font-size: 14pt;\">ou \u00e0 proximit\u00e9 imm\u00e9diate (p. ex. dans les magasins ou les points de collecte municipaux) gratuitement.<\/span><\/li>\n<\/ul>\n<p><span style=\"font-size: 14pt;\">The return of batteries to retail outlets is limited to end users for the disposal of usual quantities, and of those old batteries which the retailer offers or has previously offered in its product range.<\/span><\/p>\n<p><span style=\"font-size: 14pt;\">La poubelle barr\u00e9e signifie que vous ne devez pas jeter les piles et accumulateurs dans les ordures m\u00e9nag\u00e8res.<\/span><\/p>\n<p><span style=\"font-size: 14pt;\"><strong>Les signes sous la poubelle sur les piles et les batteries rechargeables repr\u00e9sentent :<\/strong><\/span><\/p>\n<ul>\n<li><span style=\"font-size: 14pt;\">Pb : La batterie contient du plomb<\/span><\/li>\n<li><span style=\"font-size: 14pt;\">Cd : La batterie contient du cadmium<\/span><\/li>\n<li><span style=\"font-size: 14pt;\">Hg : La batterie contient du mercure<\/span><\/li>\n<\/ul>\n<p><span style=\"font-size: 14pt;\">Vous trouverez \u00e9galement ces informations dans les documents d&rsquo;accompagnement (mode d&#8217;emploi) du <a href=\"https:\/\/4000.remstim.com\/fr\/\">REMSTIM 4000<\/a>.<\/span><\/p>\n<\/div><div class=\"fusion-clearfix\"><\/div><\/div><\/div><\/div><\/div>\n","protected":false},"excerpt":{"rendered":"","protected":false},"author":1,"featured_media":0,"parent":0,"menu_order":2,"comment_status":"closed","ping_status":"closed","template":"","meta":{"footnotes":""},"yoast_head":"<!-- This site is optimized with the Yoast SEO plugin v22.1 - https:\/\/yoast.com\/wordpress\/plugins\/seo\/ -->\n<title>Avis en vertu de la loi allemande sur les piles (BattG) - REMSTIM 4000 - L&#039;appareil EMDR professionnel<\/title>\n<meta name=\"robots\" content=\"noindex, follow, max-snippet:-1, max-image-preview:large, max-video-preview:-1\" \/>\n<meta property=\"og:locale\" content=\"fr_FR\" \/>\n<meta property=\"og:type\" content=\"article\" \/>\n<meta property=\"og:title\" content=\"Avis en vertu de la loi allemande sur les piles (BattG) - REMSTIM 4000 - L&#039;appareil EMDR professionnel\" \/>\n<meta property=\"og:url\" content=\"https:\/\/4000.remstim.com\/fr\/avis-en-vertu-de-la-loi-allemande-sur-les-piles-battg\/\" \/>\n<meta property=\"og:site_name\" content=\"REMSTIM 4000 - L&#039;appareil EMDR professionnel\" \/>\n<meta property=\"article:modified_time\" content=\"2019-01-05T21:25:15+00:00\" \/>\n<meta property=\"og:image\" content=\"https:\/\/4000.remstim.com\/wp-content\/uploads\/2017\/06\/batteriegesetz-muelltonne.jpg\" \/>\n<meta name=\"twitter:card\" content=\"summary_large_image\" \/>\n<meta name=\"twitter:label1\" content=\"Dur\u00e9e de lecture estim\u00e9e\" \/>\n\t<meta name=\"twitter:data1\" content=\"2 minutes\" \/>\n<script type=\"application\/ld+json\" class=\"yoast-schema-graph\">{\"@context\":\"https:\/\/schema.org\",\"@graph\":[{\"@type\":\"WebPage\",\"@id\":\"https:\/\/4000.remstim.com\/fr\/avis-en-vertu-de-la-loi-allemande-sur-les-piles-battg\/\",\"url\":\"https:\/\/4000.remstim.com\/fr\/avis-en-vertu-de-la-loi-allemande-sur-les-piles-battg\/\",\"name\":\"Avis en vertu de la loi allemande sur les piles (BattG) - REMSTIM 4000 - L&#039;appareil EMDR professionnel\",\"isPartOf\":{\"@id\":\"https:\/\/4000.remstim.com\/fr\/#website\"},\"datePublished\":\"2018-12-12T09:07:55+00:00\",\"dateModified\":\"2019-01-05T21:25:15+00:00\",\"breadcrumb\":{\"@id\":\"https:\/\/4000.remstim.com\/fr\/avis-en-vertu-de-la-loi-allemande-sur-les-piles-battg\/#breadcrumb\"},\"inLanguage\":\"fr-FR\",\"potentialAction\":[{\"@type\":\"ReadAction\",\"target\":[\"https:\/\/4000.remstim.com\/fr\/avis-en-vertu-de-la-loi-allemande-sur-les-piles-battg\/\"]}]},{\"@type\":\"BreadcrumbList\",\"@id\":\"https:\/\/4000.remstim.com\/fr\/avis-en-vertu-de-la-loi-allemande-sur-les-piles-battg\/#breadcrumb\",\"itemListElement\":[{\"@type\":\"ListItem\",\"position\":1,\"name\":\"Startseite\",\"item\":\"https:\/\/4000.remstim.com\/fr\/\"},{\"@type\":\"ListItem\",\"position\":2,\"name\":\"Avis en vertu de la loi allemande sur les piles (BattG)\"}]},{\"@type\":\"WebSite\",\"@id\":\"https:\/\/4000.remstim.com\/fr\/#website\",\"url\":\"https:\/\/4000.remstim.com\/fr\/\",\"name\":\"REMSTIM 4000 - L&#039;appareil EMDR professionnel\",\"description\":\"s&#039;int\u00e8gre parfaitement \u00e0 la session\",\"potentialAction\":[{\"@type\":\"SearchAction\",\"target\":{\"@type\":\"EntryPoint\",\"urlTemplate\":\"https:\/\/4000.remstim.com\/fr\/?s={search_term_string}\"},\"query-input\":\"required name=search_term_string\"}],\"inLanguage\":\"fr-FR\"}]}<\/script>\n<!-- \/ Yoast SEO plugin. -->","yoast_head_json":{"title":"Avis en vertu de la loi allemande sur les piles (BattG) - REMSTIM 4000 - L&#039;appareil EMDR professionnel","robots":{"index":"noindex","follow":"follow","max-snippet":"max-snippet:-1","max-image-preview":"max-image-preview:large","max-video-preview":"max-video-preview:-1"},"og_locale":"fr_FR","og_type":"article","og_title":"Avis en vertu de la loi allemande sur les piles (BattG) - REMSTIM 4000 - L&#039;appareil EMDR professionnel","og_url":"https:\/\/4000.remstim.com\/fr\/avis-en-vertu-de-la-loi-allemande-sur-les-piles-battg\/","og_site_name":"REMSTIM 4000 - L&#039;appareil EMDR professionnel","article_modified_time":"2019-01-05T21:25:15+00:00","og_image":[{"url":"https:\/\/4000.remstim.com\/wp-content\/uploads\/2017\/06\/batteriegesetz-muelltonne.jpg"}],"twitter_card":"summary_large_image","twitter_misc":{"Dur\u00e9e de lecture estim\u00e9e":"2 minutes"},"schema":{"@context":"https:\/\/schema.org","@graph":[{"@type":"WebPage","@id":"https:\/\/4000.remstim.com\/fr\/avis-en-vertu-de-la-loi-allemande-sur-les-piles-battg\/","url":"https:\/\/4000.remstim.com\/fr\/avis-en-vertu-de-la-loi-allemande-sur-les-piles-battg\/","name":"Avis en vertu de la loi allemande sur les piles (BattG) - REMSTIM 4000 - L&#039;appareil EMDR professionnel","isPartOf":{"@id":"https:\/\/4000.remstim.com\/fr\/#website"},"datePublished":"2018-12-12T09:07:55+00:00","dateModified":"2019-01-05T21:25:15+00:00","breadcrumb":{"@id":"https:\/\/4000.remstim.com\/fr\/avis-en-vertu-de-la-loi-allemande-sur-les-piles-battg\/#breadcrumb"},"inLanguage":"fr-FR","potentialAction":[{"@type":"ReadAction","target":["https:\/\/4000.remstim.com\/fr\/avis-en-vertu-de-la-loi-allemande-sur-les-piles-battg\/"]}]},{"@type":"BreadcrumbList","@id":"https:\/\/4000.remstim.com\/fr\/avis-en-vertu-de-la-loi-allemande-sur-les-piles-battg\/#breadcrumb","itemListElement":[{"@type":"ListItem","position":1,"name":"Startseite","item":"https:\/\/4000.remstim.com\/fr\/"},{"@type":"ListItem","position":2,"name":"Avis en vertu de la loi allemande sur les piles (BattG)"}]},{"@type":"WebSite","@id":"https:\/\/4000.remstim.com\/fr\/#website","url":"https:\/\/4000.remstim.com\/fr\/","name":"REMSTIM 4000 - L&#039;appareil EMDR professionnel","description":"s&#039;int\u00e8gre parfaitement \u00e0 la session","potentialAction":[{"@type":"SearchAction","target":{"@type":"EntryPoint","urlTemplate":"https:\/\/4000.remstim.com\/fr\/?s={search_term_string}"},"query-input":"required name=search_term_string"}],"inLanguage":"fr-FR"}]}},"_links":{"self":[{"href":"https:\/\/4000.remstim.com\/fr\/wp-json\/wp\/v2\/pages\/57"}],"collection":[{"href":"https:\/\/4000.remstim.com\/fr\/wp-json\/wp\/v2\/pages"}],"about":[{"href":"https:\/\/4000.remstim.com\/fr\/wp-json\/wp\/v2\/types\/page"}],"author":[{"embeddable":true,"href":"https:\/\/4000.remstim.com\/fr\/wp-json\/wp\/v2\/users\/1"}],"replies":[{"embeddable":true,"href":"https:\/\/4000.remstim.com\/fr\/wp-json\/wp\/v2\/comments?post=57"}],"version-history":[{"count":2,"href":"https:\/\/4000.remstim.com\/fr\/wp-json\/wp\/v2\/pages\/57\/revisions"}],"predecessor-version":[{"id":64,"href":"https:\/\/4000.remstim.com\/fr\/wp-json\/wp\/v2\/pages\/57\/revisions\/64"}],"wp:attachment":[{"href":"https:\/\/4000.remstim.com\/fr\/wp-json\/wp\/v2\/media?parent=57"}],"curies":[{"name":"wp","href":"https:\/\/api.w.org\/{rel}","templated":true}]}}