{"id":135,"date":"2020-03-06T11:05:45","date_gmt":"2020-03-06T10:05:45","guid":{"rendered":"https:\/\/p-zysd3j.project.space\/fr\/?page_id=135"},"modified":"2025-08-04T09:56:25","modified_gmt":"2025-08-04T07:56:25","slug":"conditions-dexpedition-et-de-livraison","status":"publish","type":"page","link":"https:\/\/4000.remstim.com\/fr\/conditions-dexpedition-et-de-livraison\/","title":{"rendered":"Conditions d&rsquo;exp\u00e9dition et de livraison"},"content":{"rendered":"<div class=\"fusion-fullwidth fullwidth-box fusion-builder-row-1 nonhundred-percent-fullwidth non-hundred-percent-height-scrolling\" style=\"--awb-border-radius-top-left:0px;--awb-border-radius-top-right:0px;--awb-border-radius-bottom-right:0px;--awb-border-radius-bottom-left:0px;--awb-flex-wrap:wrap;\" ><div class=\"fusion-builder-row fusion-row\"><div class=\"fusion-layout-column fusion_builder_column fusion-builder-column-0 fusion_builder_column_1_1 1_1 fusion-one-full fusion-column-first fusion-column-last\" style=\"--awb-padding-left:10%;--awb-bg-size:cover;--awb-margin-bottom:0px;\"><div class=\"fusion-column-wrapper fusion-flex-column-wrapper-legacy\"><div class=\"fusion-text fusion-text-1\"><h1 style=\"text-align: left;\">Conditions d&rsquo;exp\u00e9dition et de livraison<\/h1>\n<p><span style=\"font-size: 14pt;\">Votre commande sera trait\u00e9e et vous sera exp\u00e9di\u00e9e d\u00e8s que possible apr\u00e8s le paiement.<\/span><\/p>\n<p><strong><span style=\"font-size: 14pt;\">Les frais d&rsquo;exp\u00e9dition vous seront factur\u00e9s en plus de la valeur des marchandises factur\u00e9es.<\/span><\/strong><\/p>\n<\/div>\n<div class=\"table-1\">\n<table width=\"100%\">\n<thead>\n<tr>\n<th style=\"text-align: center;\" align=\"left\"><span style=\"font-size: 14pt;\">Zone de livraison<\/span><\/th>\n<th style=\"text-align: center;\" align=\"left\"><span style=\"font-size: 14pt;\">Frais d&rsquo;exp\u00e9dition*<\/span><\/th>\n<th style=\"text-align: center;\" align=\"left\"><span style=\"font-size: 14pt;\">D\u00e9lai de livraison standard<\/span><\/th>\n<\/tr>\n<\/thead>\n<tbody>\n<tr>\n<td style=\"text-align: center;\" align=\"left\"><span style=\"font-size: 14pt;\">Allemagne<\/span><\/td>\n<td style=\"text-align: center;\" align=\"left\"><span style=\"font-size: 14pt;\">9,00 \u20ac<\/span><\/td>\n<td style=\"text-align: center;\" align=\"left\"><span style=\"font-size: 14pt;\">10 &#8211; 12 journ\u00e9es<br \/><\/span><\/td>\n<\/tr>\n<tr>\n<td style=\"text-align: center;\" align=\"left\"><span style=\"font-size: 14pt;\">Autriche<\/span><\/td>\n<td style=\"text-align: center;\" align=\"left\"><span style=\"font-size: 14pt;\">20,00 \u20ac<\/span><\/td>\n<td style=\"text-align: center;\" align=\"left\"><span style=\"font-size: 14pt;\">12 &#8211; 14 journ\u00e9es<br \/><\/span><\/td>\n<\/tr>\n<tr>\n<td style=\"text-align: center;\" align=\"left\"><span style=\"font-size: 14pt;\">France<\/span><\/td>\n<td style=\"text-align: center;\" align=\"left\"><span style=\"font-size: 14pt;\">20,00 \u20ac<\/span><\/td>\n<td style=\"text-align: center;\" align=\"left\"><span style=\"font-size: 14pt;\">12 &#8211; 14 journ\u00e9es<br \/><\/span><\/td>\n<\/tr>\n<\/tbody>\n<\/table>\n<\/div>\n<div class=\"fusion-text fusion-text-2\"><p style=\"text-align: left;\"><span style=\"font-size: 14pt;\">*Frais d&rsquo;exp\u00e9dition, TVA comprise<\/span><\/p>\n<p><span style=\"font-size: 14pt;\">Veuillez noter :<\/span><\/p>\n<ul>\n<li><span style=\"font-size: 14pt;\"><strong>Nous ne livrons pas aux stations d&#8217;emballage. Les colis qui doivent \u00eatre livr\u00e9s \u00e0 une station d&#8217;emballage peuvent avoir une taille maximale de 75 x 60 x 40 cm selon DHL . L&#8217;emballage d&rsquo;exp\u00e9dition du REMSTIM 4000 mesure 100 cm sur le bord le plus long. Une livraison \u00e0 une station d&#8217;emballage n&rsquo;est donc pas possible.<\/strong><\/span><\/li>\n<li><span style=\"font-size: 14pt;\"><strong>En cas de paiement avec Paypal, l&rsquo;adresse de livraison doit \u00eatre obligatoirement identique \u00e0 l&rsquo;adresse fournie par le compte PayPal du payeur.<\/strong><\/span><\/li>\n<\/ul>\n<p><span style=\"font-size: 14pt;\"><strong>Les commandes qui ne remplissent pas les conditions susmentionn\u00e9es ne seront pas ex\u00e9cut\u00e9es et seront annul\u00e9es.<\/strong><\/span><\/p>\n<p><span style=\"font-size: 14pt;\">Transfert des risques : Pour les consommateurs, les dispositions l\u00e9gales s&rsquo;appliquent.<\/span><\/p>\n<p><span style=\"font-size: 14pt;\">Veuillez nous contacter imm\u00e9diatement, si la livraison devait \u00eatre incompl\u00e8te ou endommag\u00e9e. En cas de dommages visibles sur le carton, veuillez vous plaindre imm\u00e9diatement \u00e0 la livraison aupr\u00e8s de la compagnie de transport. Veuillez leur demander de confirmer votre plainte par \u00e9crit.<\/span><\/p>\n<p><span style=\"font-size: 14pt;\">Nous exp\u00e9dions le REMSTIM 4000 dans un emballage s\u00fbr, de sorte que les dommages puissent \u00eatre largement \u00e9vit\u00e9s. Cependant, si le REMSTIM 4000 a \u00e9t\u00e9 endommag\u00e9 pendant le transport, veuillez le retourner compl\u00e8tement avec toutes les pi\u00e8ces, le manuel et l&#8217;emballage ext\u00e9rieur d&rsquo;origine, ainsi que la confirmation de la r\u00e9clamation par DHL imm\u00e9diatement. Vous recevrez rapidement de nouvelles marchandises apr\u00e8s r\u00e9ception de l&rsquo;article endommag\u00e9.<\/span><\/p>\n<\/div><div class=\"fusion-clearfix\"><\/div><\/div><\/div><\/div><\/div>\n","protected":false},"excerpt":{"rendered":"","protected":false},"author":1,"featured_media":0,"parent":0,"menu_order":0,"comment_status":"closed","ping_status":"closed","template":"","meta":{"footnotes":""},"yoast_head":"<!-- This site is optimized with the Yoast SEO plugin v22.1 - https:\/\/yoast.com\/wordpress\/plugins\/seo\/ -->\n<title>Conditions d&#039;exp\u00e9dition et de livraison - REMSTIM 4000 - L&#039;appareil EMDR professionnel<\/title>\n<meta name=\"robots\" content=\"noindex, follow, max-snippet:-1, max-image-preview:large, max-video-preview:-1\" \/>\n<meta property=\"og:locale\" content=\"fr_FR\" \/>\n<meta property=\"og:type\" content=\"article\" \/>\n<meta property=\"og:title\" content=\"Conditions d&#039;exp\u00e9dition et de livraison - REMSTIM 4000 - L&#039;appareil EMDR professionnel\" \/>\n<meta property=\"og:url\" content=\"https:\/\/4000.remstim.com\/fr\/conditions-dexpedition-et-de-livraison\/\" \/>\n<meta property=\"og:site_name\" content=\"REMSTIM 4000 - L&#039;appareil EMDR professionnel\" \/>\n<meta property=\"article:modified_time\" content=\"2025-08-04T07:56:25+00:00\" \/>\n<meta name=\"twitter:card\" content=\"summary_large_image\" \/>\n<meta name=\"twitter:label1\" content=\"Dur\u00e9e de lecture estim\u00e9e\" \/>\n\t<meta name=\"twitter:data1\" content=\"2 minutes\" \/>\n<script type=\"application\/ld+json\" class=\"yoast-schema-graph\">{\"@context\":\"https:\/\/schema.org\",\"@graph\":[{\"@type\":\"WebPage\",\"@id\":\"https:\/\/4000.remstim.com\/fr\/conditions-dexpedition-et-de-livraison\/\",\"url\":\"https:\/\/4000.remstim.com\/fr\/conditions-dexpedition-et-de-livraison\/\",\"name\":\"Conditions d'exp\u00e9dition et de livraison - REMSTIM 4000 - L&#039;appareil EMDR professionnel\",\"isPartOf\":{\"@id\":\"https:\/\/4000.remstim.com\/fr\/#website\"},\"datePublished\":\"2020-03-06T10:05:45+00:00\",\"dateModified\":\"2025-08-04T07:56:25+00:00\",\"breadcrumb\":{\"@id\":\"https:\/\/4000.remstim.com\/fr\/conditions-dexpedition-et-de-livraison\/#breadcrumb\"},\"inLanguage\":\"fr-FR\",\"potentialAction\":[{\"@type\":\"ReadAction\",\"target\":[\"https:\/\/4000.remstim.com\/fr\/conditions-dexpedition-et-de-livraison\/\"]}]},{\"@type\":\"BreadcrumbList\",\"@id\":\"https:\/\/4000.remstim.com\/fr\/conditions-dexpedition-et-de-livraison\/#breadcrumb\",\"itemListElement\":[{\"@type\":\"ListItem\",\"position\":1,\"name\":\"Startseite\",\"item\":\"https:\/\/4000.remstim.com\/fr\/\"},{\"@type\":\"ListItem\",\"position\":2,\"name\":\"Conditions d&#8217;exp\u00e9dition et de livraison\"}]},{\"@type\":\"WebSite\",\"@id\":\"https:\/\/4000.remstim.com\/fr\/#website\",\"url\":\"https:\/\/4000.remstim.com\/fr\/\",\"name\":\"REMSTIM 4000 - L&#039;appareil EMDR professionnel\",\"description\":\"s&#039;int\u00e8gre parfaitement \u00e0 la session\",\"potentialAction\":[{\"@type\":\"SearchAction\",\"target\":{\"@type\":\"EntryPoint\",\"urlTemplate\":\"https:\/\/4000.remstim.com\/fr\/?s={search_term_string}\"},\"query-input\":\"required name=search_term_string\"}],\"inLanguage\":\"fr-FR\"}]}<\/script>\n<!-- \/ Yoast SEO plugin. -->","yoast_head_json":{"title":"Conditions d'exp\u00e9dition et de livraison - REMSTIM 4000 - L&#039;appareil EMDR professionnel","robots":{"index":"noindex","follow":"follow","max-snippet":"max-snippet:-1","max-image-preview":"max-image-preview:large","max-video-preview":"max-video-preview:-1"},"og_locale":"fr_FR","og_type":"article","og_title":"Conditions d'exp\u00e9dition et de livraison - REMSTIM 4000 - L&#039;appareil EMDR professionnel","og_url":"https:\/\/4000.remstim.com\/fr\/conditions-dexpedition-et-de-livraison\/","og_site_name":"REMSTIM 4000 - L&#039;appareil EMDR professionnel","article_modified_time":"2025-08-04T07:56:25+00:00","twitter_card":"summary_large_image","twitter_misc":{"Dur\u00e9e de lecture estim\u00e9e":"2 minutes"},"schema":{"@context":"https:\/\/schema.org","@graph":[{"@type":"WebPage","@id":"https:\/\/4000.remstim.com\/fr\/conditions-dexpedition-et-de-livraison\/","url":"https:\/\/4000.remstim.com\/fr\/conditions-dexpedition-et-de-livraison\/","name":"Conditions d'exp\u00e9dition et de livraison - REMSTIM 4000 - L&#039;appareil EMDR professionnel","isPartOf":{"@id":"https:\/\/4000.remstim.com\/fr\/#website"},"datePublished":"2020-03-06T10:05:45+00:00","dateModified":"2025-08-04T07:56:25+00:00","breadcrumb":{"@id":"https:\/\/4000.remstim.com\/fr\/conditions-dexpedition-et-de-livraison\/#breadcrumb"},"inLanguage":"fr-FR","potentialAction":[{"@type":"ReadAction","target":["https:\/\/4000.remstim.com\/fr\/conditions-dexpedition-et-de-livraison\/"]}]},{"@type":"BreadcrumbList","@id":"https:\/\/4000.remstim.com\/fr\/conditions-dexpedition-et-de-livraison\/#breadcrumb","itemListElement":[{"@type":"ListItem","position":1,"name":"Startseite","item":"https:\/\/4000.remstim.com\/fr\/"},{"@type":"ListItem","position":2,"name":"Conditions d&#8217;exp\u00e9dition et de livraison"}]},{"@type":"WebSite","@id":"https:\/\/4000.remstim.com\/fr\/#website","url":"https:\/\/4000.remstim.com\/fr\/","name":"REMSTIM 4000 - L&#039;appareil EMDR professionnel","description":"s&#039;int\u00e8gre parfaitement \u00e0 la session","potentialAction":[{"@type":"SearchAction","target":{"@type":"EntryPoint","urlTemplate":"https:\/\/4000.remstim.com\/fr\/?s={search_term_string}"},"query-input":"required name=search_term_string"}],"inLanguage":"fr-FR"}]}},"_links":{"self":[{"href":"https:\/\/4000.remstim.com\/fr\/wp-json\/wp\/v2\/pages\/135"}],"collection":[{"href":"https:\/\/4000.remstim.com\/fr\/wp-json\/wp\/v2\/pages"}],"about":[{"href":"https:\/\/4000.remstim.com\/fr\/wp-json\/wp\/v2\/types\/page"}],"author":[{"embeddable":true,"href":"https:\/\/4000.remstim.com\/fr\/wp-json\/wp\/v2\/users\/1"}],"replies":[{"embeddable":true,"href":"https:\/\/4000.remstim.com\/fr\/wp-json\/wp\/v2\/comments?post=135"}],"version-history":[{"count":9,"href":"https:\/\/4000.remstim.com\/fr\/wp-json\/wp\/v2\/pages\/135\/revisions"}],"predecessor-version":[{"id":177,"href":"https:\/\/4000.remstim.com\/fr\/wp-json\/wp\/v2\/pages\/135\/revisions\/177"}],"wp:attachment":[{"href":"https:\/\/4000.remstim.com\/fr\/wp-json\/wp\/v2\/media?parent=135"}],"curies":[{"name":"wp","href":"https:\/\/api.w.org\/{rel}","templated":true}]}}