{"id":129,"date":"2020-03-06T10:42:06","date_gmt":"2020-03-06T09:42:06","guid":{"rendered":"https:\/\/p-zysd3j.project.space\/fr\/?page_id=129"},"modified":"2020-03-06T10:43:38","modified_gmt":"2020-03-06T09:43:38","slug":"informations-importantes","status":"publish","type":"page","link":"https:\/\/4000.remstim.com\/fr\/informations-importantes\/","title":{"rendered":"Informations importantes"},"content":{"rendered":"<div class=\"fusion-fullwidth fullwidth-box fusion-builder-row-1 nonhundred-percent-fullwidth non-hundred-percent-height-scrolling\" style=\"--awb-border-radius-top-left:0px;--awb-border-radius-top-right:0px;--awb-border-radius-bottom-right:0px;--awb-border-radius-bottom-left:0px;--awb-flex-wrap:wrap;\" ><div class=\"fusion-builder-row fusion-row\"><div class=\"fusion-layout-column fusion_builder_column fusion-builder-column-0 fusion_builder_column_1_1 1_1 fusion-one-full fusion-column-first fusion-column-last\" style=\"--awb-padding-left:10%;--awb-bg-size:cover;--awb-margin-bottom:0px;\"><div class=\"fusion-column-wrapper fusion-column-has-shadow fusion-flex-column-wrapper-legacy\"><div class=\"fusion-text fusion-text-1\"><h1>Informations importantes<\/h1>\n<p><span style=\"font-size: 14pt;\">1. Le REMSTIM 4000 est un appareil utilis\u00e9 pour la stimulation des mouvements oculaires<\/span><\/p>\n<p><span style=\"font-size: 14pt;\">2. L&rsquo;utilisation de REMSTIM 4000 ne remplace pas le travail d&rsquo;un psychoth\u00e9rapeute, d&rsquo;un m\u00e9decin ou d&rsquo;un praticien de la m\u00e9decine alternative. Par cons\u00e9quent, un traitement en cours ne doit pas \u00eatre interrompu ou annul\u00e9, et tout traitement n\u00e9cessaire \u00e0 l&rsquo;avenir ne doit pas \u00eatre report\u00e9 ou omis enti\u00e8rement.<\/span><\/p>\n<p><span style=\"font-size: 14pt;\">3. L&rsquo;application du REMSTIM 4000 n&rsquo;annule pas les directives m\u00e9dicales. La responsabilit\u00e9 incombe enti\u00e8rement \u00e0 l&rsquo;utilisateur.<\/span><\/p>\n<p><span style=\"font-size: 14pt;\">4. L&rsquo;utilisation du REMSTIM 4000 chez les personnes qui souffrent ou ont souffert particuli\u00e8rement des maladies suivantes doit \u00eatre v\u00e9rifi\u00e9e par l&rsquo;utilisateur pour la compatibilit\u00e9 :<\/span><\/p>\n<ul>\n<li><span style=\"font-size: 14pt;\">Epilepsie<\/span><\/li>\n<li><span style=\"font-size: 14pt;\">Troubles oculaires,<\/span><\/li>\n<li><span style=\"font-size: 14pt;\">Les maladies c\u00e9r\u00e9bro-biologiques,<\/span><\/li>\n<li><span style=\"font-size: 14pt;\">Les troubles li\u00e9s \u00e0 la d\u00e9pendance,<\/span><\/li>\n<li><span style=\"font-size: 14pt;\">Les troubles dissociatifs,<\/span><\/li>\n<li><span style=\"font-size: 14pt;\">Les troubles de l&rsquo;ego.<\/span><\/li>\n<\/ul>\n<p><span style=\"font-size: 14pt;\">5. Il est de la responsabilit\u00e9 et de la d\u00e9cision de l&rsquo;utilisateur de commencer, de continuer ou de terminer l&rsquo;application du REMSTIM 4000.<\/span><\/p>\n<p><span style=\"font-size: 14pt;\">6. L&rsquo;utilisation du REMSTIM 4000 peut provoquer temporairement des \u00e9motions intenses.<\/span><\/p>\n<p><span style=\"font-size: 14pt;\">7. Utilisez le REMSTIM 4000 uniquement dans le but pour lequel il a \u00e9t\u00e9 con\u00e7u.<\/span><\/p>\n<p><span style=\"font-size: 14pt;\">8. Si les mouvements des yeux s&rsquo;av\u00e8rent d\u00e9sagr\u00e9ables, en particulier lors de la premi\u00e8re application, il faut optimiser les r\u00e9glages de l&rsquo;appareil personnel de d\u00e9placement (distance correcte) et\/ou de vitesse et\/ou de luminosit\u00e9. Dans les rares cas de vertige, de naus\u00e9e ou de douleur oculaire, arr\u00eatez le REMSTIM 4000 et ajustez les r\u00e9glages.<\/span><\/p>\n<p><span style=\"font-size: 14pt;\">9. Ne pas exposer REMSTIM 4000 \u00e0 des conditions m\u00e9t\u00e9orologiques extr\u00eames (pluie, neige, soleil, vent).<\/span><\/p>\n<p><span style=\"font-size: 14pt;\">10. Prot\u00e9gez le REMSTIM 3000 contre l&rsquo;eau.<\/span><\/p>\n<\/div><div class=\"fusion-clearfix\"><\/div><\/div><\/div><\/div><\/div>\n","protected":false},"excerpt":{"rendered":"","protected":false},"author":1,"featured_media":0,"parent":0,"menu_order":0,"comment_status":"closed","ping_status":"closed","template":"","meta":{"footnotes":""},"yoast_head":"<!-- This site is optimized with the Yoast SEO plugin v22.1 - https:\/\/yoast.com\/wordpress\/plugins\/seo\/ -->\n<title>Informations importantes - REMSTIM 4000 - L&#039;appareil EMDR professionnel<\/title>\n<meta name=\"robots\" content=\"noindex, follow, max-snippet:-1, max-image-preview:large, max-video-preview:-1\" \/>\n<meta property=\"og:locale\" content=\"fr_FR\" \/>\n<meta property=\"og:type\" content=\"article\" \/>\n<meta property=\"og:title\" content=\"Informations importantes - REMSTIM 4000 - L&#039;appareil EMDR professionnel\" \/>\n<meta property=\"og:url\" content=\"https:\/\/4000.remstim.com\/fr\/informations-importantes\/\" \/>\n<meta property=\"og:site_name\" content=\"REMSTIM 4000 - L&#039;appareil EMDR professionnel\" \/>\n<meta property=\"article:modified_time\" content=\"2020-03-06T09:43:38+00:00\" \/>\n<meta name=\"twitter:card\" content=\"summary_large_image\" \/>\n<meta name=\"twitter:label1\" content=\"Dur\u00e9e de lecture estim\u00e9e\" \/>\n\t<meta name=\"twitter:data1\" content=\"3 minutes\" \/>\n<script type=\"application\/ld+json\" class=\"yoast-schema-graph\">{\"@context\":\"https:\/\/schema.org\",\"@graph\":[{\"@type\":\"WebPage\",\"@id\":\"https:\/\/4000.remstim.com\/fr\/informations-importantes\/\",\"url\":\"https:\/\/4000.remstim.com\/fr\/informations-importantes\/\",\"name\":\"Informations importantes - REMSTIM 4000 - L&#039;appareil EMDR professionnel\",\"isPartOf\":{\"@id\":\"https:\/\/4000.remstim.com\/fr\/#website\"},\"datePublished\":\"2020-03-06T09:42:06+00:00\",\"dateModified\":\"2020-03-06T09:43:38+00:00\",\"breadcrumb\":{\"@id\":\"https:\/\/4000.remstim.com\/fr\/informations-importantes\/#breadcrumb\"},\"inLanguage\":\"fr-FR\",\"potentialAction\":[{\"@type\":\"ReadAction\",\"target\":[\"https:\/\/4000.remstim.com\/fr\/informations-importantes\/\"]}]},{\"@type\":\"BreadcrumbList\",\"@id\":\"https:\/\/4000.remstim.com\/fr\/informations-importantes\/#breadcrumb\",\"itemListElement\":[{\"@type\":\"ListItem\",\"position\":1,\"name\":\"Startseite\",\"item\":\"https:\/\/4000.remstim.com\/fr\/\"},{\"@type\":\"ListItem\",\"position\":2,\"name\":\"Informations importantes\"}]},{\"@type\":\"WebSite\",\"@id\":\"https:\/\/4000.remstim.com\/fr\/#website\",\"url\":\"https:\/\/4000.remstim.com\/fr\/\",\"name\":\"REMSTIM 4000 - L&#039;appareil EMDR professionnel\",\"description\":\"s&#039;int\u00e8gre parfaitement \u00e0 la session\",\"potentialAction\":[{\"@type\":\"SearchAction\",\"target\":{\"@type\":\"EntryPoint\",\"urlTemplate\":\"https:\/\/4000.remstim.com\/fr\/?s={search_term_string}\"},\"query-input\":\"required name=search_term_string\"}],\"inLanguage\":\"fr-FR\"}]}<\/script>\n<!-- \/ Yoast SEO plugin. -->","yoast_head_json":{"title":"Informations importantes - REMSTIM 4000 - L&#039;appareil EMDR professionnel","robots":{"index":"noindex","follow":"follow","max-snippet":"max-snippet:-1","max-image-preview":"max-image-preview:large","max-video-preview":"max-video-preview:-1"},"og_locale":"fr_FR","og_type":"article","og_title":"Informations importantes - REMSTIM 4000 - L&#039;appareil EMDR professionnel","og_url":"https:\/\/4000.remstim.com\/fr\/informations-importantes\/","og_site_name":"REMSTIM 4000 - L&#039;appareil EMDR professionnel","article_modified_time":"2020-03-06T09:43:38+00:00","twitter_card":"summary_large_image","twitter_misc":{"Dur\u00e9e de lecture estim\u00e9e":"3 minutes"},"schema":{"@context":"https:\/\/schema.org","@graph":[{"@type":"WebPage","@id":"https:\/\/4000.remstim.com\/fr\/informations-importantes\/","url":"https:\/\/4000.remstim.com\/fr\/informations-importantes\/","name":"Informations importantes - REMSTIM 4000 - L&#039;appareil EMDR professionnel","isPartOf":{"@id":"https:\/\/4000.remstim.com\/fr\/#website"},"datePublished":"2020-03-06T09:42:06+00:00","dateModified":"2020-03-06T09:43:38+00:00","breadcrumb":{"@id":"https:\/\/4000.remstim.com\/fr\/informations-importantes\/#breadcrumb"},"inLanguage":"fr-FR","potentialAction":[{"@type":"ReadAction","target":["https:\/\/4000.remstim.com\/fr\/informations-importantes\/"]}]},{"@type":"BreadcrumbList","@id":"https:\/\/4000.remstim.com\/fr\/informations-importantes\/#breadcrumb","itemListElement":[{"@type":"ListItem","position":1,"name":"Startseite","item":"https:\/\/4000.remstim.com\/fr\/"},{"@type":"ListItem","position":2,"name":"Informations importantes"}]},{"@type":"WebSite","@id":"https:\/\/4000.remstim.com\/fr\/#website","url":"https:\/\/4000.remstim.com\/fr\/","name":"REMSTIM 4000 - L&#039;appareil EMDR professionnel","description":"s&#039;int\u00e8gre parfaitement \u00e0 la session","potentialAction":[{"@type":"SearchAction","target":{"@type":"EntryPoint","urlTemplate":"https:\/\/4000.remstim.com\/fr\/?s={search_term_string}"},"query-input":"required name=search_term_string"}],"inLanguage":"fr-FR"}]}},"_links":{"self":[{"href":"https:\/\/4000.remstim.com\/fr\/wp-json\/wp\/v2\/pages\/129"}],"collection":[{"href":"https:\/\/4000.remstim.com\/fr\/wp-json\/wp\/v2\/pages"}],"about":[{"href":"https:\/\/4000.remstim.com\/fr\/wp-json\/wp\/v2\/types\/page"}],"author":[{"embeddable":true,"href":"https:\/\/4000.remstim.com\/fr\/wp-json\/wp\/v2\/users\/1"}],"replies":[{"embeddable":true,"href":"https:\/\/4000.remstim.com\/fr\/wp-json\/wp\/v2\/comments?post=129"}],"version-history":[{"count":3,"href":"https:\/\/4000.remstim.com\/fr\/wp-json\/wp\/v2\/pages\/129\/revisions"}],"predecessor-version":[{"id":131,"href":"https:\/\/4000.remstim.com\/fr\/wp-json\/wp\/v2\/pages\/129\/revisions\/131"}],"wp:attachment":[{"href":"https:\/\/4000.remstim.com\/fr\/wp-json\/wp\/v2\/media?parent=129"}],"curies":[{"name":"wp","href":"https:\/\/api.w.org\/{rel}","templated":true}]}}