{"id":81,"date":"2020-03-06T11:21:18","date_gmt":"2020-03-06T10:21:18","guid":{"rendered":"https:\/\/p-zysd3j.project.space\/es\/?page_id=81"},"modified":"2025-08-04T09:57:52","modified_gmt":"2025-08-04T07:57:52","slug":"condiciones-de-envio-y-entrega","status":"publish","type":"page","link":"https:\/\/4000.remstim.com\/es\/condiciones-de-envio-y-entrega\/","title":{"rendered":"Condiciones de env\u00edo y entrega"},"content":{"rendered":"<div class=\"fusion-fullwidth fullwidth-box fusion-builder-row-1 nonhundred-percent-fullwidth non-hundred-percent-height-scrolling\" style=\"--awb-border-radius-top-left:0px;--awb-border-radius-top-right:0px;--awb-border-radius-bottom-right:0px;--awb-border-radius-bottom-left:0px;--awb-flex-wrap:wrap;\" ><div class=\"fusion-builder-row fusion-row\"><div class=\"fusion-layout-column fusion_builder_column fusion-builder-column-0 fusion_builder_column_1_1 1_1 fusion-one-full fusion-column-first fusion-column-last\" style=\"--awb-padding-left:10%;--awb-bg-size:cover;--awb-margin-bottom:0px;\"><div class=\"fusion-column-wrapper fusion-flex-column-wrapper-legacy\"><div class=\"fusion-text fusion-text-1\"><h1 style=\"text-align: left;\">Condiciones de env\u00edo y entrega<\/h1>\n<p><span style=\"font-size: 14pt;\">Su pedido se procesar\u00e1 y se le enviar\u00e1 inmediatamente despu\u00e9s del pago, tan pronto como sea posible.<\/span><\/p>\n<p><strong><span style=\"font-size: 14pt;\">Los gastos de env\u00edo se le cobrar\u00e1n adem\u00e1s del valor de las mercanc\u00edas facturadas.<\/span><\/strong><\/p>\n<\/div>\n<div class=\"table-1\">\n<table width=\"100%\">\n<thead>\n<tr>\n<th style=\"text-align: center;\" align=\"left\"><span style=\"font-size: 14pt;\">\u00c1rea de entrega<\/span><\/th>\n<th style=\"text-align: center;\" align=\"left\"><span style=\"font-size: 14pt;\">Gastos de env\u00edo*<\/span><\/th>\n<th style=\"text-align: center;\" align=\"left\"><span style=\"font-size: 14pt;\">Tiempo de entrega est\u00e1ndar<\/span><\/th>\n<\/tr>\n<\/thead>\n<tbody>\n<tr>\n<td style=\"text-align: center;\" align=\"left\"><span style=\"font-size: 14pt;\">Alemania<\/span><\/td>\n<td style=\"text-align: center;\" align=\"left\"><span style=\"font-size: 14pt;\">9,00 \u20ac<\/span><\/td>\n<td style=\"text-align: center;\" align=\"left\"><span style=\"font-size: 14pt;\">10 &#8211; 12 d\u00edas<br \/><\/span><\/td>\n<\/tr>\n<tr>\n<td style=\"text-align: center;\" align=\"left\"><span style=\"font-size: 14pt;\">Austria<\/span><\/td>\n<td style=\"text-align: center;\" align=\"left\"><span style=\"font-size: 14pt;\">20,00 \u20ac<\/span><\/td>\n<td style=\"text-align: center;\" align=\"left\"><span style=\"font-size: 14pt;\"><span style=\"font-size: 14pt;\">12 &#8211; 14<\/span>&nbsp;d\u00edas<br \/><\/span><\/td>\n<\/tr>\n<tr>\n<td style=\"text-align: center;\" align=\"left\"><span style=\"font-size: 14pt;\">Francia<\/span><\/td>\n<td style=\"text-align: center;\" align=\"left\"><span style=\"font-size: 14pt;\">20,00 \u20ac<\/span><\/td>\n<td style=\"text-align: center;\" align=\"left\"><span style=\"font-size: 14pt;\">12 &#8211; 14 d\u00edas<br \/><\/span><\/td>\n<\/tr>\n<\/tbody>\n<\/table>\n<\/div>\n<div class=\"fusion-text fusion-text-2\"><p><span style=\"font-size: 14pt;\">*Los gastos de env\u00edo incluyen el IVA*<\/span><\/p>\n<p><span style=\"font-size: 14pt;\">Por favor, tenga en cuenta:<\/span><\/p>\n<ul>\n<li><span style=\"font-size: 14pt;\"><strong>No hacemos entregas en los puestos de embalaje. Los paquetes que deben ser entregados en una estaci\u00f3n de embalaje, pueden tener un tama\u00f1o m\u00e1ximo de 75 x 60 x 40 cm seg\u00fan DHL . El embalaje de env\u00edo del REMSTIM 4000 mide 100 cm sobre el borde m\u00e1s largo. Por lo tanto, no es posible realizar una entrega en un centro de embalaje.<\/strong><\/span><\/li>\n<li><span style=\"font-size: 14pt;\"><strong>En caso de pago con Paypal, la direcci\u00f3n de entrega debe ser necesariamente id\u00e9ntica a la direcci\u00f3n proporcionada por la cuenta PayPal del pagador.<\/strong><\/span><\/li>\n<\/ul>\n<p><span style=\"font-size: 14pt;\"><strong>Los pedidos que no cumplan con las condiciones mencionadas anteriormente no se realizar\u00e1n y ser\u00e1n cancelados.<\/strong><\/span><\/p>\n<p><span style=\"font-size: 14pt;\">Transferencia del riesgo: Para los consumidores se aplican las normas legales.<\/span><\/p>\n<p><span style=\"font-size: 14pt;\">Por favor, p\u00f3ngase en contacto con nosotros de inmediato, si la entrega est\u00e1 incompleta o da\u00f1ada. Un da\u00f1o visible en la caja, por favor, qu\u00e9jese inmediatamente despu\u00e9s de la entrega a la compa\u00f1\u00eda de transporte. Por favor, haga que le confirmen su queja por escrito.<\/span><\/p>\n<p><span style=\"font-size: 14pt;\">Enviamos el REMSTIM 4000 embalado de forma segura, para evitar en gran medida los da\u00f1os. Sin embargo, si el REMSTIM 4000 ha sido da\u00f1ado durante el transporte, por favor devuelva el REMSTIM 4000 completamente con todas las piezas, el manual y el embalaje exterior original, as\u00ed como la confirmaci\u00f3n de la reclamaci\u00f3n por DHL inmediatamente. Recibir\u00e1 r\u00e1pidamente una nueva mercanc\u00eda despu\u00e9s de que hayamos recibido el art\u00edculo da\u00f1ado.<\/span><\/p>\n<\/div><div class=\"fusion-clearfix\"><\/div><\/div><\/div><\/div><\/div>\n","protected":false},"excerpt":{"rendered":"","protected":false},"author":1,"featured_media":0,"parent":0,"menu_order":0,"comment_status":"closed","ping_status":"closed","template":"","meta":{"footnotes":""},"yoast_head":"<!-- This site is optimized with the Yoast SEO plugin v22.1 - https:\/\/yoast.com\/wordpress\/plugins\/seo\/ -->\n<title>Condiciones de env\u00edo y entrega - REMSTIM 4000 - El aparato profesional de EMDR<\/title>\n<meta name=\"robots\" content=\"noindex, follow, max-snippet:-1, max-image-preview:large, max-video-preview:-1\" \/>\n<meta property=\"og:locale\" content=\"es_ES\" \/>\n<meta property=\"og:type\" content=\"article\" \/>\n<meta property=\"og:title\" content=\"Condiciones de env\u00edo y entrega - REMSTIM 4000 - El aparato profesional de EMDR\" \/>\n<meta property=\"og:url\" content=\"https:\/\/4000.remstim.com\/es\/condiciones-de-envio-y-entrega\/\" \/>\n<meta property=\"og:site_name\" content=\"REMSTIM 4000 - El aparato profesional de EMDR\" \/>\n<meta property=\"article:modified_time\" content=\"2025-08-04T07:57:52+00:00\" \/>\n<meta name=\"twitter:card\" content=\"summary_large_image\" \/>\n<meta name=\"twitter:label1\" content=\"Tiempo de lectura\" \/>\n\t<meta name=\"twitter:data1\" content=\"2 minutos\" \/>\n<script type=\"application\/ld+json\" class=\"yoast-schema-graph\">{\"@context\":\"https:\/\/schema.org\",\"@graph\":[{\"@type\":\"WebPage\",\"@id\":\"https:\/\/4000.remstim.com\/es\/condiciones-de-envio-y-entrega\/\",\"url\":\"https:\/\/4000.remstim.com\/es\/condiciones-de-envio-y-entrega\/\",\"name\":\"Condiciones de env\u00edo y entrega - REMSTIM 4000 - El aparato profesional de EMDR\",\"isPartOf\":{\"@id\":\"https:\/\/4000.remstim.com\/es\/#website\"},\"datePublished\":\"2020-03-06T10:21:18+00:00\",\"dateModified\":\"2025-08-04T07:57:52+00:00\",\"breadcrumb\":{\"@id\":\"https:\/\/4000.remstim.com\/es\/condiciones-de-envio-y-entrega\/#breadcrumb\"},\"inLanguage\":\"es\",\"potentialAction\":[{\"@type\":\"ReadAction\",\"target\":[\"https:\/\/4000.remstim.com\/es\/condiciones-de-envio-y-entrega\/\"]}]},{\"@type\":\"BreadcrumbList\",\"@id\":\"https:\/\/4000.remstim.com\/es\/condiciones-de-envio-y-entrega\/#breadcrumb\",\"itemListElement\":[{\"@type\":\"ListItem\",\"position\":1,\"name\":\"Startseite\",\"item\":\"https:\/\/4000.remstim.com\/es\/\"},{\"@type\":\"ListItem\",\"position\":2,\"name\":\"Condiciones de env\u00edo y entrega\"}]},{\"@type\":\"WebSite\",\"@id\":\"https:\/\/4000.remstim.com\/es\/#website\",\"url\":\"https:\/\/4000.remstim.com\/es\/\",\"name\":\"REMSTIM 4000 - El aparato profesional de EMDR\",\"description\":\"Encaja de forma flexible en una sesi\u00f3n de EMDR\",\"potentialAction\":[{\"@type\":\"SearchAction\",\"target\":{\"@type\":\"EntryPoint\",\"urlTemplate\":\"https:\/\/4000.remstim.com\/es\/?s={search_term_string}\"},\"query-input\":\"required name=search_term_string\"}],\"inLanguage\":\"es\"}]}<\/script>\n<!-- \/ Yoast SEO plugin. -->","yoast_head_json":{"title":"Condiciones de env\u00edo y entrega - REMSTIM 4000 - El aparato profesional de EMDR","robots":{"index":"noindex","follow":"follow","max-snippet":"max-snippet:-1","max-image-preview":"max-image-preview:large","max-video-preview":"max-video-preview:-1"},"og_locale":"es_ES","og_type":"article","og_title":"Condiciones de env\u00edo y entrega - REMSTIM 4000 - El aparato profesional de EMDR","og_url":"https:\/\/4000.remstim.com\/es\/condiciones-de-envio-y-entrega\/","og_site_name":"REMSTIM 4000 - El aparato profesional de EMDR","article_modified_time":"2025-08-04T07:57:52+00:00","twitter_card":"summary_large_image","twitter_misc":{"Tiempo de lectura":"2 minutos"},"schema":{"@context":"https:\/\/schema.org","@graph":[{"@type":"WebPage","@id":"https:\/\/4000.remstim.com\/es\/condiciones-de-envio-y-entrega\/","url":"https:\/\/4000.remstim.com\/es\/condiciones-de-envio-y-entrega\/","name":"Condiciones de env\u00edo y entrega - REMSTIM 4000 - El aparato profesional de EMDR","isPartOf":{"@id":"https:\/\/4000.remstim.com\/es\/#website"},"datePublished":"2020-03-06T10:21:18+00:00","dateModified":"2025-08-04T07:57:52+00:00","breadcrumb":{"@id":"https:\/\/4000.remstim.com\/es\/condiciones-de-envio-y-entrega\/#breadcrumb"},"inLanguage":"es","potentialAction":[{"@type":"ReadAction","target":["https:\/\/4000.remstim.com\/es\/condiciones-de-envio-y-entrega\/"]}]},{"@type":"BreadcrumbList","@id":"https:\/\/4000.remstim.com\/es\/condiciones-de-envio-y-entrega\/#breadcrumb","itemListElement":[{"@type":"ListItem","position":1,"name":"Startseite","item":"https:\/\/4000.remstim.com\/es\/"},{"@type":"ListItem","position":2,"name":"Condiciones de env\u00edo y entrega"}]},{"@type":"WebSite","@id":"https:\/\/4000.remstim.com\/es\/#website","url":"https:\/\/4000.remstim.com\/es\/","name":"REMSTIM 4000 - El aparato profesional de EMDR","description":"Encaja de forma flexible en una sesi\u00f3n de EMDR","potentialAction":[{"@type":"SearchAction","target":{"@type":"EntryPoint","urlTemplate":"https:\/\/4000.remstim.com\/es\/?s={search_term_string}"},"query-input":"required name=search_term_string"}],"inLanguage":"es"}]}},"_links":{"self":[{"href":"https:\/\/4000.remstim.com\/es\/wp-json\/wp\/v2\/pages\/81"}],"collection":[{"href":"https:\/\/4000.remstim.com\/es\/wp-json\/wp\/v2\/pages"}],"about":[{"href":"https:\/\/4000.remstim.com\/es\/wp-json\/wp\/v2\/types\/page"}],"author":[{"embeddable":true,"href":"https:\/\/4000.remstim.com\/es\/wp-json\/wp\/v2\/users\/1"}],"replies":[{"embeddable":true,"href":"https:\/\/4000.remstim.com\/es\/wp-json\/wp\/v2\/comments?post=81"}],"version-history":[{"count":7,"href":"https:\/\/4000.remstim.com\/es\/wp-json\/wp\/v2\/pages\/81\/revisions"}],"predecessor-version":[{"id":121,"href":"https:\/\/4000.remstim.com\/es\/wp-json\/wp\/v2\/pages\/81\/revisions\/121"}],"wp:attachment":[{"href":"https:\/\/4000.remstim.com\/es\/wp-json\/wp\/v2\/media?parent=81"}],"curies":[{"name":"wp","href":"https:\/\/api.w.org\/{rel}","templated":true}]}}