{"id":77,"date":"2020-03-06T10:53:32","date_gmt":"2020-03-06T09:53:32","guid":{"rendered":"https:\/\/p-zysd3j.project.space\/es\/?page_id=77"},"modified":"2020-03-06T10:53:32","modified_gmt":"2020-03-06T09:53:32","slug":"informacion-importante","status":"publish","type":"page","link":"https:\/\/4000.remstim.com\/es\/informacion-importante\/","title":{"rendered":"Informaci\u00f3n importante"},"content":{"rendered":"<div class=\"fusion-fullwidth fullwidth-box fusion-builder-row-1 nonhundred-percent-fullwidth non-hundred-percent-height-scrolling\" style=\"--awb-border-radius-top-left:0px;--awb-border-radius-top-right:0px;--awb-border-radius-bottom-right:0px;--awb-border-radius-bottom-left:0px;--awb-flex-wrap:wrap;\" ><div class=\"fusion-builder-row fusion-row\"><div class=\"fusion-layout-column fusion_builder_column fusion-builder-column-0 fusion_builder_column_1_1 1_1 fusion-one-full fusion-column-first fusion-column-last\" style=\"--awb-padding-left:10%;--awb-bg-size:cover;--awb-margin-bottom:0px;\"><div class=\"fusion-column-wrapper fusion-flex-column-wrapper-legacy\"><div class=\"fusion-text fusion-text-1\"><h1>Informaci\u00f3n importante<\/h1>\n<p><span style=\"font-size: 14pt;\">1. El REMSTIM 4000 es un aparato utilizado para la estimulaci\u00f3n de los movimientos oculares<\/span><\/p>\n<p><span style=\"font-size: 14pt;\">2. El uso de REMSTIM 4000 no sustituye el trabajo de un psicoterapeuta, m\u00e9dico o practicante de medicina alternativa. Por lo tanto, no se debe interrumpir ni cancelar un tratamiento en curso, ni tampoco se debe posponer u omitir por completo cualquier tratamiento que se necesite en el futuro.<\/span><\/p>\n<p><span style=\"font-size: 14pt;\">3. La aplicaci\u00f3n del REMSTIM 4000 no anula las directivas m\u00e9dicas. La responsabilidad recae enteramente en el usuario.<\/span><\/p>\n<p><span style=\"font-size: 14pt;\">4. El usuario debe comprobar la compatibilidad del REMSTIM 4000 en personas que padezcan o hayan padecido especialmente las siguientes enfermedades:<\/span><\/p>\n<ul>\n<li><span style=\"font-size: 14pt;\">Epilepsia<\/span><\/li>\n<li><span style=\"font-size: 14pt;\">Trastornos oculares,<\/span><\/li>\n<li><span style=\"font-size: 14pt;\">Enfermedades cerebro-org\u00e1nicas,<\/span><\/li>\n<li><span style=\"font-size: 14pt;\">Trastornos adictivos,<\/span><\/li>\n<li><span style=\"font-size: 14pt;\">Trastornos disociativos,<\/span><\/li>\n<li><span style=\"font-size: 14pt;\">Trastornos del ego.<\/span><\/li>\n<\/ul>\n<p><span style=\"font-size: 14pt;\">5. Es responsabilidad y decisi\u00f3n del usuario comenzar, continuar o terminar la aplicaci\u00f3n del REMSTIM 4000.<\/span><\/p>\n<p><span style=\"font-size: 14pt;\">6. El uso de REMSTIM 4000 puede causar temporalmente emociones intensas.<\/span><\/p>\n<p><span style=\"font-size: 14pt;\">7. Utilice el REMSTIM 4000 s\u00f3lo para el prop\u00f3sito para el que est\u00e1 hecho.<\/span><\/p>\n<p><span style=\"font-size: 14pt;\">8. Si los movimientos oculares resultan desagradables, especialmente durante la primera aplicaci\u00f3n, es necesario optimizar los ajustes del dispositivo personal de desplazamiento (distancia correcta) y\/o velocidad y\/o luminosidad. En casos raros de mareos, n\u00e1useas o dolor de ojos, detenga el REMSTIM 4000 y ajuste los par\u00e1metros.<\/span><\/p>\n<p><span style=\"font-size: 14pt;\">9. No exponga el REMSTIM 4000 a condiciones clim\u00e1ticas extremas (lluvia, nieve, sol, viento).<\/span><\/p>\n<p><span style=\"font-size: 14pt;\">10. Proteja el REMSTIM 3000 contra el agua.<\/span><\/p>\n<\/div><div class=\"fusion-clearfix\"><\/div><\/div><\/div><\/div><\/div>\n","protected":false},"excerpt":{"rendered":"","protected":false},"author":1,"featured_media":0,"parent":0,"menu_order":0,"comment_status":"closed","ping_status":"closed","template":"","meta":{"footnotes":""},"yoast_head":"<!-- This site is optimized with the Yoast SEO plugin v22.1 - https:\/\/yoast.com\/wordpress\/plugins\/seo\/ -->\n<title>Informaci\u00f3n importante - REMSTIM 4000 - El aparato profesional de EMDR<\/title>\n<meta name=\"robots\" content=\"noindex, follow, max-snippet:-1, max-image-preview:large, max-video-preview:-1\" \/>\n<meta property=\"og:locale\" content=\"es_ES\" \/>\n<meta property=\"og:type\" content=\"article\" \/>\n<meta property=\"og:title\" content=\"Informaci\u00f3n importante - REMSTIM 4000 - El aparato profesional de EMDR\" \/>\n<meta property=\"og:url\" content=\"https:\/\/4000.remstim.com\/es\/informacion-importante\/\" \/>\n<meta property=\"og:site_name\" content=\"REMSTIM 4000 - El aparato profesional de EMDR\" \/>\n<meta name=\"twitter:card\" content=\"summary_large_image\" \/>\n<meta name=\"twitter:label1\" content=\"Tiempo de lectura\" \/>\n\t<meta name=\"twitter:data1\" content=\"2 minutos\" \/>\n<script type=\"application\/ld+json\" class=\"yoast-schema-graph\">{\"@context\":\"https:\/\/schema.org\",\"@graph\":[{\"@type\":\"WebPage\",\"@id\":\"https:\/\/4000.remstim.com\/es\/informacion-importante\/\",\"url\":\"https:\/\/4000.remstim.com\/es\/informacion-importante\/\",\"name\":\"Informaci\u00f3n importante - REMSTIM 4000 - El aparato profesional de EMDR\",\"isPartOf\":{\"@id\":\"https:\/\/4000.remstim.com\/es\/#website\"},\"datePublished\":\"2020-03-06T09:53:32+00:00\",\"dateModified\":\"2020-03-06T09:53:32+00:00\",\"breadcrumb\":{\"@id\":\"https:\/\/4000.remstim.com\/es\/informacion-importante\/#breadcrumb\"},\"inLanguage\":\"es\",\"potentialAction\":[{\"@type\":\"ReadAction\",\"target\":[\"https:\/\/4000.remstim.com\/es\/informacion-importante\/\"]}]},{\"@type\":\"BreadcrumbList\",\"@id\":\"https:\/\/4000.remstim.com\/es\/informacion-importante\/#breadcrumb\",\"itemListElement\":[{\"@type\":\"ListItem\",\"position\":1,\"name\":\"Startseite\",\"item\":\"https:\/\/4000.remstim.com\/es\/\"},{\"@type\":\"ListItem\",\"position\":2,\"name\":\"Informaci\u00f3n importante\"}]},{\"@type\":\"WebSite\",\"@id\":\"https:\/\/4000.remstim.com\/es\/#website\",\"url\":\"https:\/\/4000.remstim.com\/es\/\",\"name\":\"REMSTIM 4000 - El aparato profesional de EMDR\",\"description\":\"Encaja de forma flexible en una sesi\u00f3n de EMDR\",\"potentialAction\":[{\"@type\":\"SearchAction\",\"target\":{\"@type\":\"EntryPoint\",\"urlTemplate\":\"https:\/\/4000.remstim.com\/es\/?s={search_term_string}\"},\"query-input\":\"required name=search_term_string\"}],\"inLanguage\":\"es\"}]}<\/script>\n<!-- \/ Yoast SEO plugin. -->","yoast_head_json":{"title":"Informaci\u00f3n importante - REMSTIM 4000 - El aparato profesional de EMDR","robots":{"index":"noindex","follow":"follow","max-snippet":"max-snippet:-1","max-image-preview":"max-image-preview:large","max-video-preview":"max-video-preview:-1"},"og_locale":"es_ES","og_type":"article","og_title":"Informaci\u00f3n importante - REMSTIM 4000 - El aparato profesional de EMDR","og_url":"https:\/\/4000.remstim.com\/es\/informacion-importante\/","og_site_name":"REMSTIM 4000 - El aparato profesional de EMDR","twitter_card":"summary_large_image","twitter_misc":{"Tiempo de lectura":"2 minutos"},"schema":{"@context":"https:\/\/schema.org","@graph":[{"@type":"WebPage","@id":"https:\/\/4000.remstim.com\/es\/informacion-importante\/","url":"https:\/\/4000.remstim.com\/es\/informacion-importante\/","name":"Informaci\u00f3n importante - REMSTIM 4000 - El aparato profesional de EMDR","isPartOf":{"@id":"https:\/\/4000.remstim.com\/es\/#website"},"datePublished":"2020-03-06T09:53:32+00:00","dateModified":"2020-03-06T09:53:32+00:00","breadcrumb":{"@id":"https:\/\/4000.remstim.com\/es\/informacion-importante\/#breadcrumb"},"inLanguage":"es","potentialAction":[{"@type":"ReadAction","target":["https:\/\/4000.remstim.com\/es\/informacion-importante\/"]}]},{"@type":"BreadcrumbList","@id":"https:\/\/4000.remstim.com\/es\/informacion-importante\/#breadcrumb","itemListElement":[{"@type":"ListItem","position":1,"name":"Startseite","item":"https:\/\/4000.remstim.com\/es\/"},{"@type":"ListItem","position":2,"name":"Informaci\u00f3n importante"}]},{"@type":"WebSite","@id":"https:\/\/4000.remstim.com\/es\/#website","url":"https:\/\/4000.remstim.com\/es\/","name":"REMSTIM 4000 - El aparato profesional de EMDR","description":"Encaja de forma flexible en una sesi\u00f3n de EMDR","potentialAction":[{"@type":"SearchAction","target":{"@type":"EntryPoint","urlTemplate":"https:\/\/4000.remstim.com\/es\/?s={search_term_string}"},"query-input":"required name=search_term_string"}],"inLanguage":"es"}]}},"_links":{"self":[{"href":"https:\/\/4000.remstim.com\/es\/wp-json\/wp\/v2\/pages\/77"}],"collection":[{"href":"https:\/\/4000.remstim.com\/es\/wp-json\/wp\/v2\/pages"}],"about":[{"href":"https:\/\/4000.remstim.com\/es\/wp-json\/wp\/v2\/types\/page"}],"author":[{"embeddable":true,"href":"https:\/\/4000.remstim.com\/es\/wp-json\/wp\/v2\/users\/1"}],"replies":[{"embeddable":true,"href":"https:\/\/4000.remstim.com\/es\/wp-json\/wp\/v2\/comments?post=77"}],"version-history":[{"count":2,"href":"https:\/\/4000.remstim.com\/es\/wp-json\/wp\/v2\/pages\/77\/revisions"}],"predecessor-version":[{"id":79,"href":"https:\/\/4000.remstim.com\/es\/wp-json\/wp\/v2\/pages\/77\/revisions\/79"}],"wp:attachment":[{"href":"https:\/\/4000.remstim.com\/es\/wp-json\/wp\/v2\/media?parent=77"}],"curies":[{"name":"wp","href":"https:\/\/api.w.org\/{rel}","templated":true}]}}