{"id":55,"date":"2020-03-05T12:27:19","date_gmt":"2020-03-05T11:27:19","guid":{"rendered":"https:\/\/p-zysd3j.project.space\/es\/?page_id=55"},"modified":"2020-03-05T12:28:09","modified_gmt":"2020-03-05T11:28:09","slug":"nota-de-acuerdo-con-la-ley-de-la-bateria-battg","status":"publish","type":"page","link":"https:\/\/4000.remstim.com\/es\/nota-de-acuerdo-con-la-ley-de-la-bateria-battg\/","title":{"rendered":"Nota de acuerdo con la ley de la bater\u00eda (BattG)"},"content":{"rendered":"<div class=\"fusion-fullwidth fullwidth-box fusion-builder-row-1 nonhundred-percent-fullwidth non-hundred-percent-height-scrolling\" style=\"--awb-border-radius-top-left:0px;--awb-border-radius-top-right:0px;--awb-border-radius-bottom-right:0px;--awb-border-radius-bottom-left:0px;--awb-flex-wrap:wrap;\" ><div class=\"fusion-builder-row fusion-row\"><div class=\"fusion-layout-column fusion_builder_column fusion-builder-column-0 fusion_builder_column_1_1 1_1 fusion-one-full fusion-column-first fusion-column-last\" style=\"--awb-padding-left:10%;--awb-bg-size:cover;--awb-margin-bottom:0px;\"><div class=\"fusion-column-wrapper fusion-column-has-shadow fusion-flex-column-wrapper-legacy\"><div class=\"fusion-text fusion-text-1\"><h1>Nota seg\u00fan la ley de la bater\u00eda (BattG)<\/h1>\n<p style=\"text-align: justify;\"><img decoding=\"async\" class=\"size-full wp-image-152 alignleft\" src=\"https:\/\/4000.remstim.com\/wp-content\/uploads\/2017\/06\/batteriegesetz-muelltonne.jpg\" alt=\"\" width=\"170\" height=\"175\" \/><span style=\"font-size: 14pt;\">El <a title=\"REMSTIM 3000\" href=\"https:\/\/4000.remstim.com\/es\/\">REMSTIM 4000<\/a> se alimenta de una bater\u00eda que se incluye en la entrega. Por lo tanto, estamos obligados, de acuerdo con la ley de la bater\u00eda (BattG), a se\u00f1alar lo siguiente:<\/span><\/p>\n<p style=\"text-align: justify;\"><span style=\"font-size: 14pt;\"><strong> Las pilas y bater\u00edas recargables no pueden ser eliminadas con la basura dom\u00e9stica, pero est\u00e1 legalmente obligado a devolver las pilas y bater\u00edas recargables usadas!<\/strong><\/span><\/p>\n<p style=\"text-align: justify;\"><span style=\"font-size: 14pt;\">Las pilas usadas pueden contener sustancias nocivas que pueden da\u00f1ar el medio ambiente o la salud si no se almacenan o eliminan adecuadamente. Pero las pilas tambi\u00e9n contienen importantes materias primas como hierro, zinc, manganeso o n\u00edquel y son recicladas.<\/span><\/p>\n<p style=\"text-align: justify;\"><span style=\"font-size: 14pt;\">Despu\u00e9s de usarla, puedes o bien<\/span><\/p>\n<ul style=\"text-align: justify;\">\n<li><span style=\"font-size: 14pt;\">a nosotros (Thomas P.H. Buhl Coaching Instrumente, Am Dachsbau 59, 13503 Berlin)<\/span><\/li>\n<li><span style=\"font-size: 14pt;\">o devueltos gratuitamente en las inmediaciones (por ejemplo, en tiendas o en puntos de recogida municipal).<\/span><\/li>\n<\/ul>\n<p style=\"text-align: justify;\"><span style=\"font-size: 14pt;\">La eliminaci\u00f3n en los puntos de venta se limita a las cantidades habituales para los usuarios finales para su eliminaci\u00f3n y a las pilas gastadas que el distribuidor lleva o ha llevado en su gama como pilas nuevas.<\/span><\/p>\n<p style=\"text-align: justify;\"><span style=\"font-size: 14pt;\">La papelera con ruedas tachadas significa que no puedes tirar las pilas y acumuladores en la basura dom\u00e9stica.<\/span><\/p>\n<p style=\"text-align: justify;\"><span style=\"font-size: 14pt;\"><strong>Los letreros bajo el cubo de basura de las pilas y acumuladores representan:<\/strong><\/span><\/p>\n<ul style=\"text-align: justify;\">\n<li><span style=\"font-size: 14pt;\">Pb: La bater\u00eda contiene plomo<\/span><\/li>\n<li><span style=\"font-size: 14pt;\">Cd: La bater\u00eda contiene Cadmio<\/span><\/li>\n<li><span style=\"font-size: 14pt;\">Hg: la bater\u00eda contiene mercurio<\/span><\/li>\n<\/ul>\n<p style=\"text-align: justify;\"><span style=\"font-size: 14pt;\">Tambi\u00e9n encontrar\u00e1 esta nota en los documentos adjuntos (instrucciones de uso) del <a title=\"REMSTIM 3000\" href=\"https:\/\/4000.remstim.com\/es\/\">REMSTIM 4000<\/a>.<\/span><\/p>\n<\/div><div class=\"fusion-clearfix\"><\/div><\/div><\/div><\/div><\/div>\n","protected":false},"excerpt":{"rendered":"","protected":false},"author":1,"featured_media":0,"parent":0,"menu_order":0,"comment_status":"closed","ping_status":"closed","template":"","meta":{"footnotes":""},"yoast_head":"<!-- This site is optimized with the Yoast SEO plugin v22.1 - https:\/\/yoast.com\/wordpress\/plugins\/seo\/ -->\n<title>Nota de acuerdo con la ley de la bater\u00eda (BattG) - REMSTIM 4000 - El aparato profesional de EMDR<\/title>\n<meta name=\"robots\" content=\"noindex, follow, max-snippet:-1, max-image-preview:large, max-video-preview:-1\" \/>\n<meta property=\"og:locale\" content=\"es_ES\" \/>\n<meta property=\"og:type\" content=\"article\" \/>\n<meta property=\"og:title\" content=\"Nota de acuerdo con la ley de la bater\u00eda (BattG) - REMSTIM 4000 - El aparato profesional de EMDR\" \/>\n<meta property=\"og:url\" content=\"https:\/\/4000.remstim.com\/es\/nota-de-acuerdo-con-la-ley-de-la-bateria-battg\/\" \/>\n<meta property=\"og:site_name\" content=\"REMSTIM 4000 - El aparato profesional de EMDR\" \/>\n<meta property=\"article:modified_time\" content=\"2020-03-05T11:28:09+00:00\" \/>\n<meta property=\"og:image\" content=\"https:\/\/4000.remstim.com\/wp-content\/uploads\/2017\/06\/batteriegesetz-muelltonne.jpg\" \/>\n<meta name=\"twitter:card\" content=\"summary_large_image\" \/>\n<meta name=\"twitter:label1\" content=\"Tiempo de lectura\" \/>\n\t<meta name=\"twitter:data1\" content=\"3 minutos\" \/>\n<script type=\"application\/ld+json\" class=\"yoast-schema-graph\">{\"@context\":\"https:\/\/schema.org\",\"@graph\":[{\"@type\":\"WebPage\",\"@id\":\"https:\/\/4000.remstim.com\/es\/nota-de-acuerdo-con-la-ley-de-la-bateria-battg\/\",\"url\":\"https:\/\/4000.remstim.com\/es\/nota-de-acuerdo-con-la-ley-de-la-bateria-battg\/\",\"name\":\"Nota de acuerdo con la ley de la bater\u00eda (BattG) - REMSTIM 4000 - El aparato profesional de EMDR\",\"isPartOf\":{\"@id\":\"https:\/\/4000.remstim.com\/es\/#website\"},\"datePublished\":\"2020-03-05T11:27:19+00:00\",\"dateModified\":\"2020-03-05T11:28:09+00:00\",\"breadcrumb\":{\"@id\":\"https:\/\/4000.remstim.com\/es\/nota-de-acuerdo-con-la-ley-de-la-bateria-battg\/#breadcrumb\"},\"inLanguage\":\"es\",\"potentialAction\":[{\"@type\":\"ReadAction\",\"target\":[\"https:\/\/4000.remstim.com\/es\/nota-de-acuerdo-con-la-ley-de-la-bateria-battg\/\"]}]},{\"@type\":\"BreadcrumbList\",\"@id\":\"https:\/\/4000.remstim.com\/es\/nota-de-acuerdo-con-la-ley-de-la-bateria-battg\/#breadcrumb\",\"itemListElement\":[{\"@type\":\"ListItem\",\"position\":1,\"name\":\"Startseite\",\"item\":\"https:\/\/4000.remstim.com\/es\/\"},{\"@type\":\"ListItem\",\"position\":2,\"name\":\"Nota de acuerdo con la ley de la bater\u00eda (BattG)\"}]},{\"@type\":\"WebSite\",\"@id\":\"https:\/\/4000.remstim.com\/es\/#website\",\"url\":\"https:\/\/4000.remstim.com\/es\/\",\"name\":\"REMSTIM 4000 - El aparato profesional de EMDR\",\"description\":\"Encaja de forma flexible en una sesi\u00f3n de EMDR\",\"potentialAction\":[{\"@type\":\"SearchAction\",\"target\":{\"@type\":\"EntryPoint\",\"urlTemplate\":\"https:\/\/4000.remstim.com\/es\/?s={search_term_string}\"},\"query-input\":\"required name=search_term_string\"}],\"inLanguage\":\"es\"}]}<\/script>\n<!-- \/ Yoast SEO plugin. -->","yoast_head_json":{"title":"Nota de acuerdo con la ley de la bater\u00eda (BattG) - REMSTIM 4000 - El aparato profesional de EMDR","robots":{"index":"noindex","follow":"follow","max-snippet":"max-snippet:-1","max-image-preview":"max-image-preview:large","max-video-preview":"max-video-preview:-1"},"og_locale":"es_ES","og_type":"article","og_title":"Nota de acuerdo con la ley de la bater\u00eda (BattG) - REMSTIM 4000 - El aparato profesional de EMDR","og_url":"https:\/\/4000.remstim.com\/es\/nota-de-acuerdo-con-la-ley-de-la-bateria-battg\/","og_site_name":"REMSTIM 4000 - El aparato profesional de EMDR","article_modified_time":"2020-03-05T11:28:09+00:00","og_image":[{"url":"https:\/\/4000.remstim.com\/wp-content\/uploads\/2017\/06\/batteriegesetz-muelltonne.jpg"}],"twitter_card":"summary_large_image","twitter_misc":{"Tiempo de lectura":"3 minutos"},"schema":{"@context":"https:\/\/schema.org","@graph":[{"@type":"WebPage","@id":"https:\/\/4000.remstim.com\/es\/nota-de-acuerdo-con-la-ley-de-la-bateria-battg\/","url":"https:\/\/4000.remstim.com\/es\/nota-de-acuerdo-con-la-ley-de-la-bateria-battg\/","name":"Nota de acuerdo con la ley de la bater\u00eda (BattG) - REMSTIM 4000 - El aparato profesional de EMDR","isPartOf":{"@id":"https:\/\/4000.remstim.com\/es\/#website"},"datePublished":"2020-03-05T11:27:19+00:00","dateModified":"2020-03-05T11:28:09+00:00","breadcrumb":{"@id":"https:\/\/4000.remstim.com\/es\/nota-de-acuerdo-con-la-ley-de-la-bateria-battg\/#breadcrumb"},"inLanguage":"es","potentialAction":[{"@type":"ReadAction","target":["https:\/\/4000.remstim.com\/es\/nota-de-acuerdo-con-la-ley-de-la-bateria-battg\/"]}]},{"@type":"BreadcrumbList","@id":"https:\/\/4000.remstim.com\/es\/nota-de-acuerdo-con-la-ley-de-la-bateria-battg\/#breadcrumb","itemListElement":[{"@type":"ListItem","position":1,"name":"Startseite","item":"https:\/\/4000.remstim.com\/es\/"},{"@type":"ListItem","position":2,"name":"Nota de acuerdo con la ley de la bater\u00eda (BattG)"}]},{"@type":"WebSite","@id":"https:\/\/4000.remstim.com\/es\/#website","url":"https:\/\/4000.remstim.com\/es\/","name":"REMSTIM 4000 - El aparato profesional de EMDR","description":"Encaja de forma flexible en una sesi\u00f3n de EMDR","potentialAction":[{"@type":"SearchAction","target":{"@type":"EntryPoint","urlTemplate":"https:\/\/4000.remstim.com\/es\/?s={search_term_string}"},"query-input":"required name=search_term_string"}],"inLanguage":"es"}]}},"_links":{"self":[{"href":"https:\/\/4000.remstim.com\/es\/wp-json\/wp\/v2\/pages\/55"}],"collection":[{"href":"https:\/\/4000.remstim.com\/es\/wp-json\/wp\/v2\/pages"}],"about":[{"href":"https:\/\/4000.remstim.com\/es\/wp-json\/wp\/v2\/types\/page"}],"author":[{"embeddable":true,"href":"https:\/\/4000.remstim.com\/es\/wp-json\/wp\/v2\/users\/1"}],"replies":[{"embeddable":true,"href":"https:\/\/4000.remstim.com\/es\/wp-json\/wp\/v2\/comments?post=55"}],"version-history":[{"count":3,"href":"https:\/\/4000.remstim.com\/es\/wp-json\/wp\/v2\/pages\/55\/revisions"}],"predecessor-version":[{"id":59,"href":"https:\/\/4000.remstim.com\/es\/wp-json\/wp\/v2\/pages\/55\/revisions\/59"}],"wp:attachment":[{"href":"https:\/\/4000.remstim.com\/es\/wp-json\/wp\/v2\/media?parent=55"}],"curies":[{"name":"wp","href":"https:\/\/api.w.org\/{rel}","templated":true}]}}