{"id":47,"date":"2020-03-05T12:15:21","date_gmt":"2020-03-05T11:15:21","guid":{"rendered":"https:\/\/p-zysd3j.project.space\/es\/?page_id=47"},"modified":"2020-03-10T20:28:23","modified_gmt":"2020-03-10T19:28:23","slug":"pie-de-imprenta-avisos-legales","status":"publish","type":"page","link":"https:\/\/4000.remstim.com\/es\/pie-de-imprenta-avisos-legales\/","title":{"rendered":"Pie de imprenta \/ Avisos legales"},"content":{"rendered":"<div class=\"fusion-fullwidth fullwidth-box fusion-builder-row-1 nonhundred-percent-fullwidth non-hundred-percent-height-scrolling\" style=\"--awb-border-radius-top-left:0px;--awb-border-radius-top-right:0px;--awb-border-radius-bottom-right:0px;--awb-border-radius-bottom-left:0px;--awb-flex-wrap:wrap;\" ><div class=\"fusion-builder-row fusion-row\"><div class=\"fusion-layout-column fusion_builder_column fusion-builder-column-0 fusion_builder_column_1_1 1_1 fusion-one-full fusion-column-first fusion-column-last\" style=\"--awb-padding-left:10%;--awb-bg-size:cover;--awb-margin-bottom:0px;\"><div class=\"fusion-column-wrapper fusion-column-has-shadow fusion-flex-column-wrapper-legacy\"><div class=\"fusion-text fusion-text-1\"><h1>Pie de imprenta \/ Avisos legales<\/h1>\n<p><span style=\"font-size: 14pt;\">Thomas Buhl<\/span><br \/>\n<span style=\"font-size: 14pt;\"> Heilpraktiker f\u00fcr Psychotherapie<\/span><br \/>\n<span style=\"font-size: 14pt;\"> Am Dachsbau 59<\/span><br \/>\n<span style=\"font-size: 14pt;\"> 13503 Berlin<\/span><br \/>\n<span style=\"font-size: 14pt;\"> Alemania<\/span><br \/>\n<span style=\"font-size: 14pt;\"> Telefono: +49 (0)30 39821419<\/span><br \/>\n<span style=\"font-size: 14pt;\"> E-Mail: info@remstim.com<\/span><\/p>\n<p><span style=\"font-size: 14pt;\">Identificaci\u00f3n del impuesto sobre la venta: DE321491344<br \/>\n<\/span><\/p>\n<p><span style=\"font-size: 14pt;\">Responsabile per i contenuti giornalistici e redazionali nel \u00abt.blog\u00bb conformi a \u00a7 55 comma 2 RStV: Thomas Buhl (Direcci\u00f3n ver arriba)<\/span><\/p>\n<ul>\n<li><span style=\"font-size: 14pt;\">T\u00edtulo profesional legal: m\u00e9dico alternativo para la psicoterapia (otorgado en la Rep\u00fablica Federal de Alemania)<\/span><\/li>\n<li><span style=\"font-size: 14pt;\">autoridad supervisora competente: Oficina de distrito Tempelhof-Sch\u00f6neberg de Berl\u00edn &#8211; Departamento de Salud, Rathausstra\u00dfe 27, 12105 Berl\u00edn (<a href=\"https:\/\/www.berlin.de\/ba-tempelhof-schoeneberg\/politik-und-verwaltung\/aemter\/gesundheitsamt\/heilpraktikerbereich\/\" target=\"_blank\" rel=\"noopener noreferrer\">Enlace<\/a>)<\/span><\/li>\n<li><span style=\"font-size: 14pt;\">regulaciones ocupacionales: Ley sobre el ejercicio profesional de la medicina sin cita previa (Heilpraktikergesetz) y ordenanza de aplicaci\u00f3n: puede leerse en Internet en <a href=\"http:\/\/www.gesetze-im-internet.de\/heilprg\/index.html\" target=\"_blank\" rel=\"noopener noreferrer\">http:\/\/www.gesetze-im-internet.de\/heilprg\/index.html<\/a> y <a href=\"http:\/\/www.gesetze-im-internet.de\/heilprgdv_1\/index.html\" target=\"_blank\" rel=\"noopener noreferrer\">http:\/\/www.gesetze-im-internet.de\/heilprgdv_1\/index.html<\/a><\/span><\/li>\n<li><span style=\"font-size: 14pt;\">C\u00f3digo de conducta profesional: se puede encontrar en Internet en <a href=\"http:\/\/www.heilpraktiker.org\/die-berufsordnung-fuer-heilpraktiker\" target=\"_blank\" rel=\"noopener noreferrer\">http:\/\/www.heilpraktiker.org\/die-berufsordnung-fuer-heilpraktiker<\/a><\/span><\/li>\n<\/ul>\n<p><span style=\"font-size: 14pt;\">Nota: Los servicios m\u00e9dicos no se ofrecen en la p\u00e1gina web 4000.remstim.com. Por favor, lea la <a href=\"https:\/\/4000.remstim.com\/en\/important-information\/\" target=\"_blank\" rel=\"noopener noreferrer\">informaci\u00f3n importante<\/a>.<\/span><\/p>\n<p><span style=\"font-size: 14pt;\">Protecci\u00f3n de datos (<a href=\"https:\/\/4000.remstim.com\/es\/politica-de-privacidad\/\" rel=\"noopener noreferrer\">leer m\u00e1s<\/a>)<\/span><\/p>\n<p><span style=\"font-size: 14pt;\"><strong>Soluci\u00f3n alternativa de controversias seg\u00fan el Art. 14 (1) ODR-VO y \u00a7 36 VSBG:<\/strong><\/span><\/p>\n<p><span style=\"font-size: 14pt;\">La Comisi\u00f3n Europea proporciona una plataforma de Resoluci\u00f3n de Disputas en L\u00ednea (OS), que se puede encontrar en <a href=\"http:\/\/ec.europa.eu\/consumers\/odr\/\" target=\"_blank\" rel=\"noopener noreferrer\">http:\/\/ec.europa.eu\/consumers\/odr\/<\/a>. No estamos obligados y generalmente no estamos dispuestos a participar en los procedimientos de resoluci\u00f3n de controversias ante una junta de arbitraje de consumidores.<\/span><\/p>\n<p><span style=\"font-size: 14pt;\"><strong>Derechos de propiedad &amp; Registros<\/strong><\/span><\/p>\n<ul>\n<li><span style=\"font-size: 14pt;\">remstim\u00ae es una marca registrada y legalmente protegida<\/span><\/li>\n<li><span style=\"font-size: 14pt;\">WEEE-Reg. No. DE 83662464<\/span><\/li>\n<li><span style=\"font-size: 14pt;\">En lo que respecta a los envases de venta que llenamos por primera vez y entregamos a los consumidores finales privados, nuestra empresa se ha adherido al sistema de recuperaci\u00f3n de Usepac UG, Bremen, [contrato\/licencia n\u00famero: UP-12400] para garantizar que cumplimos nuestras obligaciones legales en virtud del \u00a7 6 VerpackV.v<\/span><\/li>\n<\/ul>\n<\/div><div class=\"fusion-clearfix\"><\/div><\/div><\/div><\/div><\/div>\n","protected":false},"excerpt":{"rendered":"","protected":false},"author":1,"featured_media":0,"parent":0,"menu_order":0,"comment_status":"closed","ping_status":"closed","template":"","meta":{"footnotes":""},"yoast_head":"<!-- This site is optimized with the Yoast SEO plugin v22.1 - https:\/\/yoast.com\/wordpress\/plugins\/seo\/ -->\n<title>Pie de imprenta \/ Avisos legales - REMSTIM 4000 - El aparato profesional de EMDR<\/title>\n<meta name=\"robots\" content=\"noindex, follow, max-snippet:-1, max-image-preview:large, max-video-preview:-1\" \/>\n<meta property=\"og:locale\" content=\"es_ES\" \/>\n<meta property=\"og:type\" content=\"article\" \/>\n<meta property=\"og:title\" content=\"Pie de imprenta \/ Avisos legales - REMSTIM 4000 - El aparato profesional de EMDR\" \/>\n<meta property=\"og:url\" content=\"https:\/\/4000.remstim.com\/es\/pie-de-imprenta-avisos-legales\/\" \/>\n<meta property=\"og:site_name\" content=\"REMSTIM 4000 - El aparato profesional de EMDR\" \/>\n<meta property=\"article:modified_time\" content=\"2020-03-10T19:28:23+00:00\" \/>\n<meta name=\"twitter:card\" content=\"summary_large_image\" \/>\n<meta name=\"twitter:label1\" content=\"Tiempo de lectura\" \/>\n\t<meta name=\"twitter:data1\" content=\"3 minutos\" \/>\n<script type=\"application\/ld+json\" class=\"yoast-schema-graph\">{\"@context\":\"https:\/\/schema.org\",\"@graph\":[{\"@type\":\"WebPage\",\"@id\":\"https:\/\/4000.remstim.com\/es\/pie-de-imprenta-avisos-legales\/\",\"url\":\"https:\/\/4000.remstim.com\/es\/pie-de-imprenta-avisos-legales\/\",\"name\":\"Pie de imprenta \/ Avisos legales - REMSTIM 4000 - El aparato profesional de EMDR\",\"isPartOf\":{\"@id\":\"https:\/\/4000.remstim.com\/es\/#website\"},\"datePublished\":\"2020-03-05T11:15:21+00:00\",\"dateModified\":\"2020-03-10T19:28:23+00:00\",\"breadcrumb\":{\"@id\":\"https:\/\/4000.remstim.com\/es\/pie-de-imprenta-avisos-legales\/#breadcrumb\"},\"inLanguage\":\"es\",\"potentialAction\":[{\"@type\":\"ReadAction\",\"target\":[\"https:\/\/4000.remstim.com\/es\/pie-de-imprenta-avisos-legales\/\"]}]},{\"@type\":\"BreadcrumbList\",\"@id\":\"https:\/\/4000.remstim.com\/es\/pie-de-imprenta-avisos-legales\/#breadcrumb\",\"itemListElement\":[{\"@type\":\"ListItem\",\"position\":1,\"name\":\"Startseite\",\"item\":\"https:\/\/4000.remstim.com\/es\/\"},{\"@type\":\"ListItem\",\"position\":2,\"name\":\"Pie de imprenta \/ Avisos legales\"}]},{\"@type\":\"WebSite\",\"@id\":\"https:\/\/4000.remstim.com\/es\/#website\",\"url\":\"https:\/\/4000.remstim.com\/es\/\",\"name\":\"REMSTIM 4000 - El aparato profesional de EMDR\",\"description\":\"Encaja de forma flexible en una sesi\u00f3n de EMDR\",\"potentialAction\":[{\"@type\":\"SearchAction\",\"target\":{\"@type\":\"EntryPoint\",\"urlTemplate\":\"https:\/\/4000.remstim.com\/es\/?s={search_term_string}\"},\"query-input\":\"required name=search_term_string\"}],\"inLanguage\":\"es\"}]}<\/script>\n<!-- \/ Yoast SEO plugin. -->","yoast_head_json":{"title":"Pie de imprenta \/ Avisos legales - REMSTIM 4000 - El aparato profesional de EMDR","robots":{"index":"noindex","follow":"follow","max-snippet":"max-snippet:-1","max-image-preview":"max-image-preview:large","max-video-preview":"max-video-preview:-1"},"og_locale":"es_ES","og_type":"article","og_title":"Pie de imprenta \/ Avisos legales - REMSTIM 4000 - El aparato profesional de EMDR","og_url":"https:\/\/4000.remstim.com\/es\/pie-de-imprenta-avisos-legales\/","og_site_name":"REMSTIM 4000 - El aparato profesional de EMDR","article_modified_time":"2020-03-10T19:28:23+00:00","twitter_card":"summary_large_image","twitter_misc":{"Tiempo de lectura":"3 minutos"},"schema":{"@context":"https:\/\/schema.org","@graph":[{"@type":"WebPage","@id":"https:\/\/4000.remstim.com\/es\/pie-de-imprenta-avisos-legales\/","url":"https:\/\/4000.remstim.com\/es\/pie-de-imprenta-avisos-legales\/","name":"Pie de imprenta \/ Avisos legales - REMSTIM 4000 - El aparato profesional de EMDR","isPartOf":{"@id":"https:\/\/4000.remstim.com\/es\/#website"},"datePublished":"2020-03-05T11:15:21+00:00","dateModified":"2020-03-10T19:28:23+00:00","breadcrumb":{"@id":"https:\/\/4000.remstim.com\/es\/pie-de-imprenta-avisos-legales\/#breadcrumb"},"inLanguage":"es","potentialAction":[{"@type":"ReadAction","target":["https:\/\/4000.remstim.com\/es\/pie-de-imprenta-avisos-legales\/"]}]},{"@type":"BreadcrumbList","@id":"https:\/\/4000.remstim.com\/es\/pie-de-imprenta-avisos-legales\/#breadcrumb","itemListElement":[{"@type":"ListItem","position":1,"name":"Startseite","item":"https:\/\/4000.remstim.com\/es\/"},{"@type":"ListItem","position":2,"name":"Pie de imprenta \/ Avisos legales"}]},{"@type":"WebSite","@id":"https:\/\/4000.remstim.com\/es\/#website","url":"https:\/\/4000.remstim.com\/es\/","name":"REMSTIM 4000 - El aparato profesional de EMDR","description":"Encaja de forma flexible en una sesi\u00f3n de EMDR","potentialAction":[{"@type":"SearchAction","target":{"@type":"EntryPoint","urlTemplate":"https:\/\/4000.remstim.com\/es\/?s={search_term_string}"},"query-input":"required name=search_term_string"}],"inLanguage":"es"}]}},"_links":{"self":[{"href":"https:\/\/4000.remstim.com\/es\/wp-json\/wp\/v2\/pages\/47"}],"collection":[{"href":"https:\/\/4000.remstim.com\/es\/wp-json\/wp\/v2\/pages"}],"about":[{"href":"https:\/\/4000.remstim.com\/es\/wp-json\/wp\/v2\/types\/page"}],"author":[{"embeddable":true,"href":"https:\/\/4000.remstim.com\/es\/wp-json\/wp\/v2\/users\/1"}],"replies":[{"embeddable":true,"href":"https:\/\/4000.remstim.com\/es\/wp-json\/wp\/v2\/comments?post=47"}],"version-history":[{"count":10,"href":"https:\/\/4000.remstim.com\/es\/wp-json\/wp\/v2\/pages\/47\/revisions"}],"predecessor-version":[{"id":90,"href":"https:\/\/4000.remstim.com\/es\/wp-json\/wp\/v2\/pages\/47\/revisions\/90"}],"wp:attachment":[{"href":"https:\/\/4000.remstim.com\/es\/wp-json\/wp\/v2\/media?parent=47"}],"curies":[{"name":"wp","href":"https:\/\/api.w.org\/{rel}","templated":true}]}}