{"id":68,"date":"2018-11-16T09:12:23","date_gmt":"2018-11-16T08:12:23","guid":{"rendered":"https:\/\/p-zysd3j.project.space\/en\/?page_id=68"},"modified":"2020-02-20T13:02:15","modified_gmt":"2020-02-20T12:02:15","slug":"imprint","status":"publish","type":"page","link":"https:\/\/4000.remstim.com\/en\/imprint\/","title":{"rendered":"Imprint"},"content":{"rendered":"<div class=\"fusion-fullwidth fullwidth-box fusion-builder-row-1 nonhundred-percent-fullwidth non-hundred-percent-height-scrolling\" style=\"--awb-border-radius-top-left:0px;--awb-border-radius-top-right:0px;--awb-border-radius-bottom-right:0px;--awb-border-radius-bottom-left:0px;--awb-flex-wrap:wrap;\" ><div class=\"fusion-builder-row fusion-row\"><div class=\"fusion-layout-column fusion_builder_column fusion-builder-column-0 fusion_builder_column_1_1 1_1 fusion-one-full fusion-column-first fusion-column-last\" style=\"--awb-padding-left:10%;--awb-bg-size:cover;--awb-margin-bottom:0px;\"><div class=\"fusion-column-wrapper fusion-column-has-shadow fusion-flex-column-wrapper-legacy\"><div class=\"fusion-text fusion-text-1\"><h1 class=\"fusion-responsive-typography-calculated\" style=\"--fontsize: 30; line-height: 1.4;\" data-fontsize=\"30\" data-lineheight=\"42px\">Imprint<\/h1>\n<p><span style=\"font-size: 14pt;\">Thomas Buhl<\/span><br \/>\n<span style=\"font-size: 14pt;\">Medical practitioner for psychotherapy (HPG)<\/span><br \/>\n<span style=\"font-size: 14pt;\"> Am Dachsbau 59<\/span><br \/>\n<span style=\"font-size: 14pt;\"> 13503 Berlin<\/span><br \/>\n<span style=\"font-size: 14pt;\"> Germany<\/span><br \/>\n<span style=\"font-size: 14pt;\"> Tel.: 0049-(0)30-398214 19<\/span><br \/>\n<span style=\"font-size: 14pt;\"> E-Mail: info@remstim.com<\/span><\/p>\n<p><span style=\"font-size: 14pt;\">TAX-ID: DE321491344<br \/>\n<\/span><\/p>\n<p><span style=\"font-size: 14pt;\">Responsible for the content acc. \u00a7 55 II RStV: Thomas Buhl (Address s.a.)<\/span><\/p>\n<ul>\n<li><span style=\"font-size: 14pt;\"><span id=\"result_box\" class=\"\" lang=\"en\" tabindex=\"-1\"><span class=\"\">Legal professional title: Alternative practitioner for psychotherapy (awarded in the Federal Republic of Germany)<\/span><\/span><\/span><\/li>\n<li><span style=\"font-size: 14pt;\"><span id=\"result_box\" class=\"short_text\" lang=\"en\" tabindex=\"-1\">Supervisory authority<\/span>: Bezirksamt Tempelhof-Sch\u00f6neberg von Berlin \u2013 Gesundheitsamt, Rathausstra\u00dfe 27, 12105 Berlin (<a href=\"https:\/\/www.berlin.de\/ba-tempelhof-schoeneberg\/politik-und-verwaltung\/aemter\/gesundheitsamt\/heilpraktikerbereich\/\" target=\"_blank\" rel=\"noopener noreferrer\">Link<\/a>)<\/span><\/li>\n<li><span style=\"font-size: 14pt;\"><span id=\"result_box\" class=\"short_text\" lang=\"en\" tabindex=\"-1\">Professional regulations<\/span>: Gesetz \u00fcber die berufsm\u00e4\u00dfige Aus\u00fcbung der Heilkunde ohne \u00e4rztliche Bestallung (Heilpraktikergesetz) und Durchf\u00fchrungsverordnung: <span id=\"result_box\" class=\"short_text\" lang=\"en\" tabindex=\"-1\">to read in the Internet under<\/span> <a href=\"http:\/\/www.gesetze-im-internet.de\/heilprg\/index.html\" target=\"_blank\" rel=\"noopener noreferrer\">http:\/\/www.gesetze-im-internet.de\/heilprg\/index.html<\/a> und <a href=\"http:\/\/www.gesetze-im-internet.de\/heilprgdv_1\/index.html\" target=\"_blank\" rel=\"noopener noreferrer\">http:\/\/www.gesetze-im-internet.de\/heilprgdv_1\/index.html<\/a><\/span><\/li>\n<li><span style=\"font-size: 14pt;\"><span id=\"result_box\" class=\"short_text\" lang=\"en\" tabindex=\"-1\"><span class=\"alt-edited\">Professional Code of Conduct<\/span><\/span>: <span id=\"result_box\" class=\"short_text\" lang=\"en\" tabindex=\"-1\">to read in the Internet under<\/span> <a href=\"http:\/\/www.heilpraktiker.org\/die-berufsordnung-fuer-heilpraktiker\" target=\"_blank\" rel=\"noopener noreferrer\">http:\/\/www.heilpraktiker.org\/die-berufsordnung-fuer-heilpraktiker<\/a><\/span><\/li>\n<\/ul>\n<p><span style=\"font-size: 14pt;\"><span id=\"result_box\" class=\"\" lang=\"en\" tabindex=\"-1\">Note: Therapeutic services are not offered on the Internet presence 4000.remstim.com. Read the <a href=\"https:\/\/4000.remstim.com\/en\/important-information\/\">important information<\/a>.<\/span><\/span><\/p>\n<p><span style=\"font-size: 14pt;\">Privacy Policy (<a href=\"https:\/\/4000.remstim.com\/en\/privacy-statement\/\" target=\"_blank\" rel=\"noopener noreferrer\">learn more<\/a>)<\/span><\/p>\n<p><span style=\"font-size: 14pt;\"><strong>Alternative dispute resolution pursuant to Art. 14 para. 1 ODR-VO and \u00a7 36 VSBG:<\/strong><\/span><\/p>\n<p><span style=\"font-size: 14pt;\"><span id=\"result_box\" class=\"\" lang=\"en\" tabindex=\"-1\">The European Commission provides a platform for online dispute resolution (OS) available at <a href=\"http:\/\/ec.europa.eu\/consumers\/odr\/\" target=\"_blank\" rel=\"noopener noreferrer\">http:\/\/ec.europa.eu\/consumers\/odr\/<\/a>. We are not obliged and generally unwilling to participate in a dispute resolution procedure before a consumer arbitration board.<\/span><\/span><\/p>\n<p><span style=\"font-size: 14pt;\"><strong><span id=\"result_box\" class=\"short_text\" lang=\"en\" tabindex=\"-1\">Property Rights &amp; Registrations<\/span><\/strong><\/span><\/p>\n<ul>\n<li><span style=\"font-size: 14pt;\">remstim\u00ae <span id=\"result_box\" class=\"\" lang=\"en\" tabindex=\"-1\">is a legally protected and registered trademark<\/span><br \/>\n<\/span><\/li>\n<li><span style=\"font-size: 14pt;\">WEEE-Reg.-Nr. DE 83662464<\/span><\/li>\n<li><span style=\"font-size: 14pt;\">Hinsichtlich der von uns erstmals mit Ware bef\u00fcllten und an private Endverbraucher abgegebene Verkaufsverpackungen hat sich unser Unternehmen zur Sicherstellung der Erf\u00fcllung unserer gesetzlichen Pflichten nach \u00a7 6 VerpackV dem bundesweit t\u00e4tigen R\u00fccknahmesystem der Usepac UG, Bremen, [Vertrags-\/Lizenznummer: UP-6251] angeschlossen.<\/span><\/li>\n<\/ul>\n<\/div><div class=\"fusion-clearfix\"><\/div><\/div><\/div><\/div><\/div>\n","protected":false},"excerpt":{"rendered":"","protected":false},"author":1,"featured_media":0,"parent":0,"menu_order":6,"comment_status":"closed","ping_status":"closed","template":"","meta":{"footnotes":""},"yoast_head":"<!-- This site is optimized with the Yoast SEO plugin v22.1 - https:\/\/yoast.com\/wordpress\/plugins\/seo\/ -->\n<title>Imprint - REMSTIM 4000 - The professional EMDR-Device<\/title>\n<meta name=\"robots\" content=\"noindex, follow, max-snippet:-1, max-image-preview:large, max-video-preview:-1\" \/>\n<meta property=\"og:locale\" content=\"en_GB\" \/>\n<meta property=\"og:type\" content=\"article\" \/>\n<meta property=\"og:title\" content=\"Imprint - REMSTIM 4000 - The professional EMDR-Device\" \/>\n<meta property=\"og:url\" content=\"https:\/\/4000.remstim.com\/en\/imprint\/\" \/>\n<meta property=\"og:site_name\" content=\"REMSTIM 4000 - The professional EMDR-Device\" \/>\n<meta property=\"article:modified_time\" content=\"2020-02-20T12:02:15+00:00\" \/>\n<meta name=\"twitter:card\" content=\"summary_large_image\" \/>\n<meta name=\"twitter:label1\" content=\"Estimated reading time\" \/>\n\t<meta name=\"twitter:data1\" content=\"3 minutes\" \/>\n<script type=\"application\/ld+json\" class=\"yoast-schema-graph\">{\"@context\":\"https:\/\/schema.org\",\"@graph\":[{\"@type\":\"WebPage\",\"@id\":\"https:\/\/4000.remstim.com\/en\/imprint\/\",\"url\":\"https:\/\/4000.remstim.com\/en\/imprint\/\",\"name\":\"Imprint - REMSTIM 4000 - The professional EMDR-Device\",\"isPartOf\":{\"@id\":\"https:\/\/4000.remstim.com\/en\/#website\"},\"datePublished\":\"2018-11-16T08:12:23+00:00\",\"dateModified\":\"2020-02-20T12:02:15+00:00\",\"breadcrumb\":{\"@id\":\"https:\/\/4000.remstim.com\/en\/imprint\/#breadcrumb\"},\"inLanguage\":\"en-GB\",\"potentialAction\":[{\"@type\":\"ReadAction\",\"target\":[\"https:\/\/4000.remstim.com\/en\/imprint\/\"]}]},{\"@type\":\"BreadcrumbList\",\"@id\":\"https:\/\/4000.remstim.com\/en\/imprint\/#breadcrumb\",\"itemListElement\":[{\"@type\":\"ListItem\",\"position\":1,\"name\":\"Startseite\",\"item\":\"https:\/\/4000.remstim.com\/en\/\"},{\"@type\":\"ListItem\",\"position\":2,\"name\":\"Imprint\"}]},{\"@type\":\"WebSite\",\"@id\":\"https:\/\/4000.remstim.com\/en\/#website\",\"url\":\"https:\/\/4000.remstim.com\/en\/\",\"name\":\"REMSTIM 4000 - The professional EMDR-Device\",\"description\":\"blends perfectly into session\",\"potentialAction\":[{\"@type\":\"SearchAction\",\"target\":{\"@type\":\"EntryPoint\",\"urlTemplate\":\"https:\/\/4000.remstim.com\/en\/?s={search_term_string}\"},\"query-input\":\"required name=search_term_string\"}],\"inLanguage\":\"en-GB\"}]}<\/script>\n<!-- \/ Yoast SEO plugin. -->","yoast_head_json":{"title":"Imprint - REMSTIM 4000 - The professional EMDR-Device","robots":{"index":"noindex","follow":"follow","max-snippet":"max-snippet:-1","max-image-preview":"max-image-preview:large","max-video-preview":"max-video-preview:-1"},"og_locale":"en_GB","og_type":"article","og_title":"Imprint - REMSTIM 4000 - The professional EMDR-Device","og_url":"https:\/\/4000.remstim.com\/en\/imprint\/","og_site_name":"REMSTIM 4000 - The professional EMDR-Device","article_modified_time":"2020-02-20T12:02:15+00:00","twitter_card":"summary_large_image","twitter_misc":{"Estimated reading time":"3 minutes"},"schema":{"@context":"https:\/\/schema.org","@graph":[{"@type":"WebPage","@id":"https:\/\/4000.remstim.com\/en\/imprint\/","url":"https:\/\/4000.remstim.com\/en\/imprint\/","name":"Imprint - REMSTIM 4000 - The professional EMDR-Device","isPartOf":{"@id":"https:\/\/4000.remstim.com\/en\/#website"},"datePublished":"2018-11-16T08:12:23+00:00","dateModified":"2020-02-20T12:02:15+00:00","breadcrumb":{"@id":"https:\/\/4000.remstim.com\/en\/imprint\/#breadcrumb"},"inLanguage":"en-GB","potentialAction":[{"@type":"ReadAction","target":["https:\/\/4000.remstim.com\/en\/imprint\/"]}]},{"@type":"BreadcrumbList","@id":"https:\/\/4000.remstim.com\/en\/imprint\/#breadcrumb","itemListElement":[{"@type":"ListItem","position":1,"name":"Startseite","item":"https:\/\/4000.remstim.com\/en\/"},{"@type":"ListItem","position":2,"name":"Imprint"}]},{"@type":"WebSite","@id":"https:\/\/4000.remstim.com\/en\/#website","url":"https:\/\/4000.remstim.com\/en\/","name":"REMSTIM 4000 - The professional EMDR-Device","description":"blends perfectly into session","potentialAction":[{"@type":"SearchAction","target":{"@type":"EntryPoint","urlTemplate":"https:\/\/4000.remstim.com\/en\/?s={search_term_string}"},"query-input":"required name=search_term_string"}],"inLanguage":"en-GB"}]}},"_links":{"self":[{"href":"https:\/\/4000.remstim.com\/en\/wp-json\/wp\/v2\/pages\/68"}],"collection":[{"href":"https:\/\/4000.remstim.com\/en\/wp-json\/wp\/v2\/pages"}],"about":[{"href":"https:\/\/4000.remstim.com\/en\/wp-json\/wp\/v2\/types\/page"}],"author":[{"embeddable":true,"href":"https:\/\/4000.remstim.com\/en\/wp-json\/wp\/v2\/users\/1"}],"replies":[{"embeddable":true,"href":"https:\/\/4000.remstim.com\/en\/wp-json\/wp\/v2\/comments?post=68"}],"version-history":[{"count":7,"href":"https:\/\/4000.remstim.com\/en\/wp-json\/wp\/v2\/pages\/68\/revisions"}],"predecessor-version":[{"id":977,"href":"https:\/\/4000.remstim.com\/en\/wp-json\/wp\/v2\/pages\/68\/revisions\/977"}],"wp:attachment":[{"href":"https:\/\/4000.remstim.com\/en\/wp-json\/wp\/v2\/media?parent=68"}],"curies":[{"name":"wp","href":"https:\/\/api.w.org\/{rel}","templated":true}]}}